{"id":115100,"date":"2025-12-03T18:36:12","date_gmt":"2025-12-03T17:36:12","guid":{"rendered":"https:\/\/www.hirtenberg-apotheke.at\/katalog\/produkt\/floramed-bio-schwarzkuemmeloel-90-kapseln-de-oeko-003\/"},"modified":"2025-12-03T18:36:22","modified_gmt":"2025-12-03T17:36:22","slug":"floramed-bio-schwarzkuemmeloel-90-kapseln-de-oeko-003","status":"publish","type":"product","link":"https:\/\/www.hirtenberg-apotheke.at\/katalog\/produkt\/floramed-bio-schwarzkuemmeloel-90-kapseln-de-oeko-003\/","title":{"rendered":"Floramed Bio-Schwarzk\u00fcmmel\u00f6l, 90 Kapseln DE-\u00d6KO-003"},"content":{"rendered":"<p>Floramed Bio-Schwarzk\u00fcmmel\u00f6l, 90 Kapseln zur Aufrechterhaltung eines normalen Cholesterinspiegels im Blut*.Health Claims &#8211; gesundheitsbezogene AussagenDer Ersatz ges\u00e4ttigter Fetts\u00e4uren durch einfach und\/ oder mehrfach unges\u00e4ttigte Fetts\u00e4uren in der Ern\u00e4hrung tr\u00e4gt zur Aufrechterhaltung eines normalen Cholesterinspiegels im Blut bei<\/p>\n","protected":false},"excerpt":{"rendered":"<p>Floramed Bio-Schwarzk\u00fcmmel\u00f6l, 90 Kapseln zur Aufrechterhaltung eines normalen Cholesterinspiegels im Blut*.Health Claims &#8211; gesundheitsbezogene AussagenDer Ersatz ges\u00e4ttigter Fetts\u00e4uren durch einfach und\/ oder mehrfach unges\u00e4ttigte Fetts\u00e4uren in der Ern\u00e4hrung tr\u00e4gt zur Aufrechterhaltung eines normalen Cholesterinspiegels im Blut bei<\/p>\n","protected":false},"featured_media":0,"template":"","meta":{"_acf_changed":false},"product_brand":[],"product_cat":[322],"product_tag":[],"class_list":{"0":"post-115100","1":"product","2":"type-product","3":"status-publish","5":"product_cat-f","6":"pa_packungsgroesse-90-stueck","8":"first","9":"instock","10":"shipping-taxable","11":"purchasable","12":"product-type-simple"},"acf":[],"_links":{"self":[{"href":"https:\/\/www.hirtenberg-apotheke.at\/katalog\/wp-json\/wp\/v2\/product\/115100","targetHints":{"allow":["GET"]}}],"collection":[{"href":"https:\/\/www.hirtenberg-apotheke.at\/katalog\/wp-json\/wp\/v2\/product"}],"about":[{"href":"https:\/\/www.hirtenberg-apotheke.at\/katalog\/wp-json\/wp\/v2\/types\/product"}],"wp:attachment":[{"href":"https:\/\/www.hirtenberg-apotheke.at\/katalog\/wp-json\/wp\/v2\/media?parent=115100"}],"wp:term":[{"taxonomy":"product_brand","embeddable":true,"href":"https:\/\/www.hirtenberg-apotheke.at\/katalog\/wp-json\/wp\/v2\/product_brand?post=115100"},{"taxonomy":"product_cat","embeddable":true,"href":"https:\/\/www.hirtenberg-apotheke.at\/katalog\/wp-json\/wp\/v2\/product_cat?post=115100"},{"taxonomy":"product_tag","embeddable":true,"href":"https:\/\/www.hirtenberg-apotheke.at\/katalog\/wp-json\/wp\/v2\/product_tag?post=115100"}],"curies":[{"name":"wp","href":"https:\/\/api.w.org\/{rel}","templated":true}]}}