{"id":115104,"date":"2025-12-03T18:36:22","date_gmt":"2025-12-03T17:36:22","guid":{"rendered":"https:\/\/www.hirtenberg-apotheke.at\/katalog\/produkt\/kneipp-sekunden-fusscreme-75-ml\/"},"modified":"2025-12-03T18:36:36","modified_gmt":"2025-12-03T17:36:36","slug":"kneipp-sekunden-fusscreme-75-ml","status":"publish","type":"product","link":"https:\/\/www.hirtenberg-apotheke.at\/katalog\/produkt\/kneipp-sekunden-fusscreme-75-ml\/","title":{"rendered":"Kneipp Sekunden-Fu\u00dfcreme 75 ml"},"content":{"rendered":"<p>Kneipp Sekunden-Fu\u00dfcreme 75 ml mit wertvoller Avocadobutter pflegt die F\u00fc\u00dfe sp\u00fcrbar zart und geschmeidig \u2013 ohne ein klebriges Gef\u00fchl zu hinterlassen &#8211; dieses und viele weitere Markenprodukte zu Sonderpreisen bestellen!<\/p>\n","protected":false},"excerpt":{"rendered":"<p>Kneipp Sekunden-Fu\u00dfcreme 75 ml mit wertvoller Avocadobutter pflegt die F\u00fc\u00dfe sp\u00fcrbar zart und geschmeidig \u2013 ohne ein klebriges Gef\u00fchl zu hinterlassen &#8211; dieses und viele weitere Markenprodukte zu Sonderpreisen bestellen!<\/p>\n","protected":false},"featured_media":115106,"template":"","meta":{"_acf_changed":false},"product_brand":[],"product_cat":[387],"product_tag":[],"class_list":{"0":"post-115104","1":"product","2":"type-product","3":"status-publish","4":"has-post-thumbnail","6":"product_cat-k","7":"pa_packungsgroesse-75ml","9":"first","10":"instock","11":"shipping-taxable","12":"purchasable","13":"product-type-simple"},"acf":[],"_links":{"self":[{"href":"https:\/\/www.hirtenberg-apotheke.at\/katalog\/wp-json\/wp\/v2\/product\/115104","targetHints":{"allow":["GET"]}}],"collection":[{"href":"https:\/\/www.hirtenberg-apotheke.at\/katalog\/wp-json\/wp\/v2\/product"}],"about":[{"href":"https:\/\/www.hirtenberg-apotheke.at\/katalog\/wp-json\/wp\/v2\/types\/product"}],"wp:featuredmedia":[{"embeddable":true,"href":"https:\/\/www.hirtenberg-apotheke.at\/katalog\/wp-json\/wp\/v2\/media\/115106"}],"wp:attachment":[{"href":"https:\/\/www.hirtenberg-apotheke.at\/katalog\/wp-json\/wp\/v2\/media?parent=115104"}],"wp:term":[{"taxonomy":"product_brand","embeddable":true,"href":"https:\/\/www.hirtenberg-apotheke.at\/katalog\/wp-json\/wp\/v2\/product_brand?post=115104"},{"taxonomy":"product_cat","embeddable":true,"href":"https:\/\/www.hirtenberg-apotheke.at\/katalog\/wp-json\/wp\/v2\/product_cat?post=115104"},{"taxonomy":"product_tag","embeddable":true,"href":"https:\/\/www.hirtenberg-apotheke.at\/katalog\/wp-json\/wp\/v2\/product_tag?post=115104"}],"curies":[{"name":"wp","href":"https:\/\/api.w.org\/{rel}","templated":true}]}}