{"id":115128,"date":"2025-12-03T18:37:09","date_gmt":"2025-12-03T17:37:09","guid":{"rendered":"https:\/\/www.hirtenberg-apotheke.at\/katalog\/produkt\/l-arginin-4500-mg-kapseln-360-stk\/"},"modified":"2025-12-03T18:37:15","modified_gmt":"2025-12-03T17:37:15","slug":"l-arginin-4500-mg-kapseln-360-stk","status":"publish","type":"product","link":"https:\/\/www.hirtenberg-apotheke.at\/katalog\/produkt\/l-arginin-4500-mg-kapseln-360-stk\/","title":{"rendered":"L-Arginin 4500 mg Kapseln 360 Stk."},"content":{"rendered":"<p>L-Arginin 4500 mg Kapseln beinhalten Arginin, welches als semi-essentielle Aminos\u00e4ure Bestandteil der Proteine (Eiwei\u00dfe) und damit an zahlreichen wichtigen Prozessen im K\u00f6rper beteiligt ist. Profitieren auch Sie von Vitamaze L-Arginin, das von zahlreichen Fitnesscoaches und Ern\u00e4hrungsberatern empfohlen wird \u2013 in gewohnter Vitamaze-Qualit\u00e4t.<\/p>\n","protected":false},"excerpt":{"rendered":"<p>L-Arginin 4500 mg Kapseln beinhalten Arginin, welches als semi-essentielle Aminos\u00e4ure Bestandteil der Proteine (Eiwei\u00dfe) und damit an zahlreichen wichtigen Prozessen im K\u00f6rper beteiligt ist. Profitieren auch Sie von Vitamaze L-Arginin, das von zahlreichen Fitnesscoaches und Ern\u00e4hrungsberatern empfohlen wird \u2013 in gewohnter Vitamaze-Qualit\u00e4t.<\/p>\n","protected":false},"featured_media":115130,"template":"","meta":{"_acf_changed":false},"product_brand":[],"product_cat":[317],"product_tag":[],"class_list":{"0":"post-115128","1":"product","2":"type-product","3":"status-publish","4":"has-post-thumbnail","6":"product_cat-l","7":"pa_packungsgroesse-360-stueck","9":"first","10":"instock","11":"shipping-taxable","12":"purchasable","13":"product-type-simple"},"acf":[],"_links":{"self":[{"href":"https:\/\/www.hirtenberg-apotheke.at\/katalog\/wp-json\/wp\/v2\/product\/115128","targetHints":{"allow":["GET"]}}],"collection":[{"href":"https:\/\/www.hirtenberg-apotheke.at\/katalog\/wp-json\/wp\/v2\/product"}],"about":[{"href":"https:\/\/www.hirtenberg-apotheke.at\/katalog\/wp-json\/wp\/v2\/types\/product"}],"wp:featuredmedia":[{"embeddable":true,"href":"https:\/\/www.hirtenberg-apotheke.at\/katalog\/wp-json\/wp\/v2\/media\/115130"}],"wp:attachment":[{"href":"https:\/\/www.hirtenberg-apotheke.at\/katalog\/wp-json\/wp\/v2\/media?parent=115128"}],"wp:term":[{"taxonomy":"product_brand","embeddable":true,"href":"https:\/\/www.hirtenberg-apotheke.at\/katalog\/wp-json\/wp\/v2\/product_brand?post=115128"},{"taxonomy":"product_cat","embeddable":true,"href":"https:\/\/www.hirtenberg-apotheke.at\/katalog\/wp-json\/wp\/v2\/product_cat?post=115128"},{"taxonomy":"product_tag","embeddable":true,"href":"https:\/\/www.hirtenberg-apotheke.at\/katalog\/wp-json\/wp\/v2\/product_tag?post=115128"}],"curies":[{"name":"wp","href":"https:\/\/api.w.org\/{rel}","templated":true}]}}