{"id":115132,"date":"2025-12-03T18:37:09","date_gmt":"2025-12-03T17:37:09","guid":{"rendered":"https:\/\/www.hirtenberg-apotheke.at\/katalog\/produkt\/beecraft-propolis-tropfen-mundspuel-konzentrat-50-ml\/"},"modified":"2025-12-03T18:37:29","modified_gmt":"2025-12-03T17:37:29","slug":"beecraft-propolis-tropfen-mundspuel-konzentrat-50-ml","status":"publish","type":"product","link":"https:\/\/www.hirtenberg-apotheke.at\/katalog\/produkt\/beecraft-propolis-tropfen-mundspuel-konzentrat-50-ml\/","title":{"rendered":"beecraft Propolis Tropfen Mundsp\u00fcl-Konzentrat 50 ml"},"content":{"rendered":"<p>beecraft\u00ae Propolis Tropfen Mundsp\u00fcl-Konzentrat eignet sich als nat\u00fcrliche Erg\u00e4nzung f\u00fcr die t\u00e4gliche Mund- und Zahnpflege. Der Propolis-Extrakt bietet bei regelm\u00e4\u00dfiger Anwendung einen antibakterieller Schutz und sch\u00fctzt so vor Parodontose, Zahnfleischproblemen sowie Mundgeruch ohne dabei die Balance der Mundflora zu beeinflussen. Zus\u00e4tzlich pflegen und beruhigen die Extrakte aus Salbei und Kamille auch einen beanspruchten und zu Problemen neigenden Mundraum. beecraft\u00ae Propolis Tropfen ist der verbesserte Nachfolger des Produktes \u201eSanhelios Aagaard Propolis Mundwasser\u201c &#8211; jetzt stark preisreduziert bestellen!<\/p>\n","protected":false},"excerpt":{"rendered":"<p>beecraft\u00ae Propolis Tropfen Mundsp\u00fcl-Konzentrat eignet sich als nat\u00fcrliche Erg\u00e4nzung f\u00fcr die t\u00e4gliche Mund- und Zahnpflege. Der Propolis-Extrakt bietet bei regelm\u00e4\u00dfiger Anwendung einen antibakterieller Schutz und sch\u00fctzt so vor Parodontose, Zahnfleischproblemen sowie Mundgeruch ohne dabei die Balance der Mundflora zu beeinflussen. Zus\u00e4tzlich pflegen und beruhigen die Extrakte aus Salbei und Kamille auch einen beanspruchten und zu [&hellip;]<\/p>\n","protected":false},"featured_media":115134,"template":"","meta":{"_acf_changed":false},"product_brand":[],"product_cat":[292],"product_tag":[],"class_list":{"0":"post-115132","1":"product","2":"type-product","3":"status-publish","4":"has-post-thumbnail","6":"product_cat-b","7":"pa_packungsgroesse-50ml","9":"first","10":"instock","11":"shipping-taxable","12":"purchasable","13":"product-type-simple"},"acf":[],"_links":{"self":[{"href":"https:\/\/www.hirtenberg-apotheke.at\/katalog\/wp-json\/wp\/v2\/product\/115132","targetHints":{"allow":["GET"]}}],"collection":[{"href":"https:\/\/www.hirtenberg-apotheke.at\/katalog\/wp-json\/wp\/v2\/product"}],"about":[{"href":"https:\/\/www.hirtenberg-apotheke.at\/katalog\/wp-json\/wp\/v2\/types\/product"}],"wp:featuredmedia":[{"embeddable":true,"href":"https:\/\/www.hirtenberg-apotheke.at\/katalog\/wp-json\/wp\/v2\/media\/115134"}],"wp:attachment":[{"href":"https:\/\/www.hirtenberg-apotheke.at\/katalog\/wp-json\/wp\/v2\/media?parent=115132"}],"wp:term":[{"taxonomy":"product_brand","embeddable":true,"href":"https:\/\/www.hirtenberg-apotheke.at\/katalog\/wp-json\/wp\/v2\/product_brand?post=115132"},{"taxonomy":"product_cat","embeddable":true,"href":"https:\/\/www.hirtenberg-apotheke.at\/katalog\/wp-json\/wp\/v2\/product_cat?post=115132"},{"taxonomy":"product_tag","embeddable":true,"href":"https:\/\/www.hirtenberg-apotheke.at\/katalog\/wp-json\/wp\/v2\/product_tag?post=115132"}],"curies":[{"name":"wp","href":"https:\/\/api.w.org\/{rel}","templated":true}]}}