{"id":115138,"date":"2025-12-03T18:37:28","date_gmt":"2025-12-03T17:37:28","guid":{"rendered":"https:\/\/www.hirtenberg-apotheke.at\/katalog\/produkt\/gasterodoc-silymarin-forte-mariendistel-kapseln-60-stk\/"},"modified":"2025-12-03T18:37:35","modified_gmt":"2025-12-03T17:37:35","slug":"gasterodoc-silymarin-forte-mariendistel-kapseln-60-stk","status":"publish","type":"product","link":"https:\/\/www.hirtenberg-apotheke.at\/katalog\/produkt\/gasterodoc-silymarin-forte-mariendistel-kapseln-60-stk\/","title":{"rendered":"Gasterodoc SILYMARIN FORTE+ Mariendistel Kapseln 60 Stk."},"content":{"rendered":"<p>gasterodoc\u00ae SILYMARIN FORTE+ ist einNahrungserg\u00e4nzungsmittel mit Mariendistel- undArtischockenextrakt, Vitaminen undMineralstoffen.Cholin tr\u00e4gt bei zu der Erhaltung einer normalenLeberfunktion und einem normalenFettstoffwechsel. Phospholipide (aus Sojalecithin)wirken wie mikroskopische \u00d6lkapseln undverbessern die Bioverf\u00fcgbarkeit von MariendistelExtrakt. Artischocke tr\u00e4gt zur Unterst\u00fctzung derVerdauung bei, schwarzer Pfeffer verbessert dieBioverf\u00fcgbarkeit der nat\u00fcrlichen Inhaltsstoffe.Vitamin E tr\u00e4gt bei zum Schutz vor oxidativemStress. Selen tr\u00e4gt bei zum Schutz der Zellen, z.B.in der Leber, vor oxidativem Stress.<\/p>\n","protected":false},"excerpt":{"rendered":"<p>gasterodoc\u00ae SILYMARIN FORTE+ ist einNahrungserg\u00e4nzungsmittel mit Mariendistel- undArtischockenextrakt, Vitaminen undMineralstoffen.Cholin tr\u00e4gt bei zu der Erhaltung einer normalenLeberfunktion und einem normalenFettstoffwechsel. Phospholipide (aus Sojalecithin)wirken wie mikroskopische \u00d6lkapseln undverbessern die Bioverf\u00fcgbarkeit von MariendistelExtrakt. Artischocke tr\u00e4gt zur Unterst\u00fctzung derVerdauung bei, schwarzer Pfeffer verbessert dieBioverf\u00fcgbarkeit der nat\u00fcrlichen Inhaltsstoffe.Vitamin E tr\u00e4gt bei zum Schutz vor oxidativemStress. Selen tr\u00e4gt bei zum [&hellip;]<\/p>\n","protected":false},"featured_media":115140,"template":"","meta":{"_acf_changed":false},"product_brand":[],"product_cat":[328],"product_tag":[],"class_list":{"0":"post-115138","1":"product","2":"type-product","3":"status-publish","4":"has-post-thumbnail","6":"product_cat-g","7":"pa_packungsgroesse-60-stueck","9":"first","10":"instock","11":"shipping-taxable","12":"purchasable","13":"product-type-simple"},"acf":[],"_links":{"self":[{"href":"https:\/\/www.hirtenberg-apotheke.at\/katalog\/wp-json\/wp\/v2\/product\/115138","targetHints":{"allow":["GET"]}}],"collection":[{"href":"https:\/\/www.hirtenberg-apotheke.at\/katalog\/wp-json\/wp\/v2\/product"}],"about":[{"href":"https:\/\/www.hirtenberg-apotheke.at\/katalog\/wp-json\/wp\/v2\/types\/product"}],"wp:featuredmedia":[{"embeddable":true,"href":"https:\/\/www.hirtenberg-apotheke.at\/katalog\/wp-json\/wp\/v2\/media\/115140"}],"wp:attachment":[{"href":"https:\/\/www.hirtenberg-apotheke.at\/katalog\/wp-json\/wp\/v2\/media?parent=115138"}],"wp:term":[{"taxonomy":"product_brand","embeddable":true,"href":"https:\/\/www.hirtenberg-apotheke.at\/katalog\/wp-json\/wp\/v2\/product_brand?post=115138"},{"taxonomy":"product_cat","embeddable":true,"href":"https:\/\/www.hirtenberg-apotheke.at\/katalog\/wp-json\/wp\/v2\/product_cat?post=115138"},{"taxonomy":"product_tag","embeddable":true,"href":"https:\/\/www.hirtenberg-apotheke.at\/katalog\/wp-json\/wp\/v2\/product_tag?post=115138"}],"curies":[{"name":"wp","href":"https:\/\/api.w.org\/{rel}","templated":true}]}}