{"id":115153,"date":"2025-12-03T18:37:51","date_gmt":"2025-12-03T17:37:51","guid":{"rendered":"https:\/\/www.hirtenberg-apotheke.at\/katalog\/produkt\/immundoc-vitamin-c-1000-mg-tabletten-90-stk\/"},"modified":"2025-12-03T18:38:02","modified_gmt":"2025-12-03T17:38:02","slug":"immundoc-vitamin-c-1000-mg-tabletten-90-stk","status":"publish","type":"product","link":"https:\/\/www.hirtenberg-apotheke.at\/katalog\/produkt\/immundoc-vitamin-c-1000-mg-tabletten-90-stk\/","title":{"rendered":"Immundoc Vitamin C 1000 mg Tabletten 90 Stk."},"content":{"rendered":"<p>Vitamin C kann vom menschlichen K\u00f6rper selber nicht hergestellt werden, wir m\u00fcssen es t\u00e4glich mit unserer Nahrung aufnehmen. Vitamin C ist im Organismus ein hochwirksames Antioxidationsmittel und Co-Faktor f\u00fcr verschiedene Enzyme. Es ist wichtig, dass unser K\u00f6rper ausreichend mit Vitamin C versorgt wird, besonders in Situationen, wo ein starkes Immunsystem gefordert ist. Vitamin C tr\u00e4gt zu einer normalen Funktion des Immunsystems bei und tr\u00e4gt dazu bei, die Zellen vor oxidativem Stress zu sch\u00fctzen.<\/p>\n","protected":false},"excerpt":{"rendered":"<p>Vitamin C kann vom menschlichen K\u00f6rper selber nicht hergestellt werden, wir m\u00fcssen es t\u00e4glich mit unserer Nahrung aufnehmen. Vitamin C ist im Organismus ein hochwirksames Antioxidationsmittel und Co-Faktor f\u00fcr verschiedene Enzyme. Es ist wichtig, dass unser K\u00f6rper ausreichend mit Vitamin C versorgt wird, besonders in Situationen, wo ein starkes Immunsystem gefordert ist. Vitamin C tr\u00e4gt [&hellip;]<\/p>\n","protected":false},"featured_media":115155,"template":"","meta":{"_acf_changed":false},"product_brand":[],"product_cat":[370],"product_tag":[],"class_list":{"0":"post-115153","1":"product","2":"type-product","3":"status-publish","4":"has-post-thumbnail","6":"product_cat-i","7":"pa_packungsgroesse-90-stueck","9":"first","10":"instock","11":"shipping-taxable","12":"purchasable","13":"product-type-simple"},"acf":[],"_links":{"self":[{"href":"https:\/\/www.hirtenberg-apotheke.at\/katalog\/wp-json\/wp\/v2\/product\/115153","targetHints":{"allow":["GET"]}}],"collection":[{"href":"https:\/\/www.hirtenberg-apotheke.at\/katalog\/wp-json\/wp\/v2\/product"}],"about":[{"href":"https:\/\/www.hirtenberg-apotheke.at\/katalog\/wp-json\/wp\/v2\/types\/product"}],"wp:featuredmedia":[{"embeddable":true,"href":"https:\/\/www.hirtenberg-apotheke.at\/katalog\/wp-json\/wp\/v2\/media\/115155"}],"wp:attachment":[{"href":"https:\/\/www.hirtenberg-apotheke.at\/katalog\/wp-json\/wp\/v2\/media?parent=115153"}],"wp:term":[{"taxonomy":"product_brand","embeddable":true,"href":"https:\/\/www.hirtenberg-apotheke.at\/katalog\/wp-json\/wp\/v2\/product_brand?post=115153"},{"taxonomy":"product_cat","embeddable":true,"href":"https:\/\/www.hirtenberg-apotheke.at\/katalog\/wp-json\/wp\/v2\/product_cat?post=115153"},{"taxonomy":"product_tag","embeddable":true,"href":"https:\/\/www.hirtenberg-apotheke.at\/katalog\/wp-json\/wp\/v2\/product_tag?post=115153"}],"curies":[{"name":"wp","href":"https:\/\/api.w.org\/{rel}","templated":true}]}}