{"id":115162,"date":"2025-12-03T18:38:05","date_gmt":"2025-12-03T17:38:05","guid":{"rendered":"https:\/\/www.hirtenberg-apotheke.at\/katalog\/produkt\/vaseline-roesch-60-ml\/"},"modified":"2025-12-03T18:38:12","modified_gmt":"2025-12-03T17:38:12","slug":"vaseline-roesch-60-ml","status":"publish","type":"product","link":"https:\/\/www.hirtenberg-apotheke.at\/katalog\/produkt\/vaseline-roesch-60-ml\/","title":{"rendered":"Vaseline R\u00f6sch 60 ml"},"content":{"rendered":"<p>Vaseline ist eine Schutzcreme, die f\u00fcr alle Hauttypen und -zonen geeignet ist. Perfekt zur Lippenpflege, sch\u00fctzt sie auch vor Wundreiben z.B. beim Radfahren und Laufen und ist ideal als Wind- und K\u00e4lteschutz im Gesicht.<br \/>F\u00fcr Hundepfoten kann die Vaseline als Schutz vor K\u00e4lte und Streusalz im Winter dienen, Elektriker verwenden sie au\u00dferdem zum Kabelziehen.<\/p>\n<p>&#13;<\/p>\n<p>\u00a0<\/p>\n<p>&#13;<\/p>\n<p><strong>Wirkung<\/strong><\/p>\n<p>&#13;<\/p>\n<p>Vaseline legt sich wie ein Schutzfilm auf die Haut. Dabei sch\u00fctzt sie diese bei starken Belastungen vor Wundreiben und vor Wind und K\u00e4lte.\u00a0<\/p>\n","protected":false},"excerpt":{"rendered":"<p>Vaseline ist eine Schutzcreme, die f\u00fcr alle Hauttypen und -zonen geeignet ist. Perfekt zur Lippenpflege, sch\u00fctzt sie auch vor Wundreiben z.B. beim Radfahren und Laufen und ist ideal als Wind- und K\u00e4lteschutz im Gesicht.F\u00fcr Hundepfoten kann die Vaseline als Schutz vor K\u00e4lte und Streusalz im Winter dienen, Elektriker verwenden sie au\u00dferdem zum Kabelziehen. &#13; \u00a0 [&hellip;]<\/p>\n","protected":false},"featured_media":115164,"template":"","meta":{"_acf_changed":false},"product_brand":[],"product_cat":[300],"product_tag":[],"class_list":{"0":"post-115162","1":"product","2":"type-product","3":"status-publish","4":"has-post-thumbnail","6":"product_cat-v","7":"pa_packungsgroesse-60ml","9":"first","10":"instock","11":"shipping-taxable","12":"purchasable","13":"product-type-simple"},"acf":[],"_links":{"self":[{"href":"https:\/\/www.hirtenberg-apotheke.at\/katalog\/wp-json\/wp\/v2\/product\/115162","targetHints":{"allow":["GET"]}}],"collection":[{"href":"https:\/\/www.hirtenberg-apotheke.at\/katalog\/wp-json\/wp\/v2\/product"}],"about":[{"href":"https:\/\/www.hirtenberg-apotheke.at\/katalog\/wp-json\/wp\/v2\/types\/product"}],"wp:featuredmedia":[{"embeddable":true,"href":"https:\/\/www.hirtenberg-apotheke.at\/katalog\/wp-json\/wp\/v2\/media\/115164"}],"wp:attachment":[{"href":"https:\/\/www.hirtenberg-apotheke.at\/katalog\/wp-json\/wp\/v2\/media?parent=115162"}],"wp:term":[{"taxonomy":"product_brand","embeddable":true,"href":"https:\/\/www.hirtenberg-apotheke.at\/katalog\/wp-json\/wp\/v2\/product_brand?post=115162"},{"taxonomy":"product_cat","embeddable":true,"href":"https:\/\/www.hirtenberg-apotheke.at\/katalog\/wp-json\/wp\/v2\/product_cat?post=115162"},{"taxonomy":"product_tag","embeddable":true,"href":"https:\/\/www.hirtenberg-apotheke.at\/katalog\/wp-json\/wp\/v2\/product_tag?post=115162"}],"curies":[{"name":"wp","href":"https:\/\/api.w.org\/{rel}","templated":true}]}}