{"id":115196,"date":"2025-12-03T18:38:48","date_gmt":"2025-12-03T17:38:48","guid":{"rendered":"https:\/\/www.hirtenberg-apotheke.at\/katalog\/produkt\/oekopharm-basen-harn-ph-test-teststreifen\/"},"modified":"2025-12-03T18:39:21","modified_gmt":"2025-12-03T17:39:21","slug":"oekopharm-basen-harn-ph-test-teststreifen","status":"publish","type":"product","link":"https:\/\/www.hirtenberg-apotheke.at\/katalog\/produkt\/oekopharm-basen-harn-ph-test-teststreifen\/","title":{"rendered":"\u00d6kopharm Basen Harn-pH-Test Teststreifen"},"content":{"rendered":"<p>\u00d6kopharm Baso Vital Teststreifen 25 Stk. werden f\u00fcr die Kontrolle des Harn-pH im Rahmen der Ern\u00e4hrung angewendet.<\/p>\n","protected":false},"excerpt":{"rendered":"<p>\u00d6kopharm Baso Vital Teststreifen 25 Stk. werden f\u00fcr die Kontrolle des Harn-pH im Rahmen der Ern\u00e4hrung angewendet.<\/p>\n","protected":false},"featured_media":115198,"template":"","meta":{"_acf_changed":false},"product_brand":[342],"product_cat":[299],"product_tag":[],"class_list":{"0":"post-115196","1":"product","2":"type-product","3":"status-publish","4":"has-post-thumbnail","6":"product_brand-oekopharm","7":"product_cat-a","8":"pa_packungsgroesse-25-stueck","10":"first","11":"instock","12":"shipping-taxable","13":"purchasable","14":"product-type-simple"},"acf":[],"_links":{"self":[{"href":"https:\/\/www.hirtenberg-apotheke.at\/katalog\/wp-json\/wp\/v2\/product\/115196","targetHints":{"allow":["GET"]}}],"collection":[{"href":"https:\/\/www.hirtenberg-apotheke.at\/katalog\/wp-json\/wp\/v2\/product"}],"about":[{"href":"https:\/\/www.hirtenberg-apotheke.at\/katalog\/wp-json\/wp\/v2\/types\/product"}],"wp:featuredmedia":[{"embeddable":true,"href":"https:\/\/www.hirtenberg-apotheke.at\/katalog\/wp-json\/wp\/v2\/media\/115198"}],"wp:attachment":[{"href":"https:\/\/www.hirtenberg-apotheke.at\/katalog\/wp-json\/wp\/v2\/media?parent=115196"}],"wp:term":[{"taxonomy":"product_brand","embeddable":true,"href":"https:\/\/www.hirtenberg-apotheke.at\/katalog\/wp-json\/wp\/v2\/product_brand?post=115196"},{"taxonomy":"product_cat","embeddable":true,"href":"https:\/\/www.hirtenberg-apotheke.at\/katalog\/wp-json\/wp\/v2\/product_cat?post=115196"},{"taxonomy":"product_tag","embeddable":true,"href":"https:\/\/www.hirtenberg-apotheke.at\/katalog\/wp-json\/wp\/v2\/product_tag?post=115196"}],"curies":[{"name":"wp","href":"https:\/\/api.w.org\/{rel}","templated":true}]}}