{"id":115212,"date":"2025-12-03T18:39:47","date_gmt":"2025-12-03T17:39:47","guid":{"rendered":"https:\/\/www.hirtenberg-apotheke.at\/katalog\/produkt\/kaiser-bonbon-honig-spitzwegerich-90-g\/"},"modified":"2025-12-03T18:39:54","modified_gmt":"2025-12-03T17:39:54","slug":"kaiser-bonbon-honig-spitzwegerich-90-g","status":"publish","type":"product","link":"https:\/\/www.hirtenberg-apotheke.at\/katalog\/produkt\/kaiser-bonbon-honig-spitzwegerich-90-g\/","title":{"rendered":"Kaiser Bonbon Honig Spitzwegerich 90 g"},"content":{"rendered":"<p>Viele schw\u00f6ren auf Hustenbonbons \u2013 oder Hustenzuckerl, wie sie in \u00d6sterreich genannt werden. Als Hausmittel gegen Wehwehchen in Hals und Rachen werden Eukalyptus, Salbei, Thymian, Minze und andere Kr\u00e4uter seit Jahrhunderten in Form von Bonbons verwendet. Und so f\u00fchren Hustenbonbons mit pflanzlichen Inhaltsstoffen auch die Liste der meistverkauften Bonbonsorten an. Der Bonbonmeister Kaiser ist mit verschiedensten Bonbons in seinem Sortiment seit \u00fcber 125 Jahren bekannt f\u00fcr die Sparte der Halsbonbons und Hustenbonbons. \u00e4Gegen Husten, Heiserkeit und Katarrh!\u201c lautete schon in den Anfangszeiten des Unternehmens ein Werbespruch. Damals wie heute sind es Extrakte aus jungen Tannenwipfeln und Eukalyptus und Kr\u00e4utern wie Salbei und Minze, die ihre wohltuende Wirkung ausmachen.<\/p>\n","protected":false},"excerpt":{"rendered":"<p>Viele schw\u00f6ren auf Hustenbonbons \u2013 oder Hustenzuckerl, wie sie in \u00d6sterreich genannt werden. Als Hausmittel gegen Wehwehchen in Hals und Rachen werden Eukalyptus, Salbei, Thymian, Minze und andere Kr\u00e4uter seit Jahrhunderten in Form von Bonbons verwendet. Und so f\u00fchren Hustenbonbons mit pflanzlichen Inhaltsstoffen auch die Liste der meistverkauften Bonbonsorten an. Der Bonbonmeister Kaiser ist mit [&hellip;]<\/p>\n","protected":false},"featured_media":115214,"template":"","meta":{"_acf_changed":false},"product_brand":[],"product_cat":[387],"product_tag":[],"class_list":{"0":"post-115212","1":"product","2":"type-product","3":"status-publish","4":"has-post-thumbnail","6":"product_cat-k","7":"pa_packungsgroesse-90g","9":"first","10":"instock","11":"shipping-taxable","12":"purchasable","13":"product-type-simple"},"acf":[],"_links":{"self":[{"href":"https:\/\/www.hirtenberg-apotheke.at\/katalog\/wp-json\/wp\/v2\/product\/115212","targetHints":{"allow":["GET"]}}],"collection":[{"href":"https:\/\/www.hirtenberg-apotheke.at\/katalog\/wp-json\/wp\/v2\/product"}],"about":[{"href":"https:\/\/www.hirtenberg-apotheke.at\/katalog\/wp-json\/wp\/v2\/types\/product"}],"wp:featuredmedia":[{"embeddable":true,"href":"https:\/\/www.hirtenberg-apotheke.at\/katalog\/wp-json\/wp\/v2\/media\/115214"}],"wp:attachment":[{"href":"https:\/\/www.hirtenberg-apotheke.at\/katalog\/wp-json\/wp\/v2\/media?parent=115212"}],"wp:term":[{"taxonomy":"product_brand","embeddable":true,"href":"https:\/\/www.hirtenberg-apotheke.at\/katalog\/wp-json\/wp\/v2\/product_brand?post=115212"},{"taxonomy":"product_cat","embeddable":true,"href":"https:\/\/www.hirtenberg-apotheke.at\/katalog\/wp-json\/wp\/v2\/product_cat?post=115212"},{"taxonomy":"product_tag","embeddable":true,"href":"https:\/\/www.hirtenberg-apotheke.at\/katalog\/wp-json\/wp\/v2\/product_tag?post=115212"}],"curies":[{"name":"wp","href":"https:\/\/api.w.org\/{rel}","templated":true}]}}