{"id":115251,"date":"2025-12-03T18:41:13","date_gmt":"2025-12-03T17:41:13","guid":{"rendered":"https:\/\/www.hirtenberg-apotheke.at\/katalog\/produkt\/sonnentor-rub-me-tender-grillgewuerz-60-g-bio\/"},"modified":"2025-12-03T18:41:36","modified_gmt":"2025-12-03T17:41:36","slug":"sonnentor-rub-me-tender-grillgewuerz-60-g-bio","status":"publish","type":"product","link":"https:\/\/www.hirtenberg-apotheke.at\/katalog\/produkt\/sonnentor-rub-me-tender-grillgewuerz-60-g-bio\/","title":{"rendered":"Sonnentor Rub me Tender Grillgew\u00fcrz 60 g BIO"},"content":{"rendered":"<p>Sonnentor Rub me Tender Grillgew\u00fcrz 60 g mit Wacholder macht Grillgut scharf und verf\u00fchrerisch. Durch sorgf\u00e4ltiges Einmassieren dieser Mischung wird das Fleisch zart und geschmackvoll. Ideal auch als Marinade mit Honig und Sojasauce &#8211; Spitzengrillgew\u00fcrze von Sonnentor jetzt preisg\u00fcnstig bestellen!<\/p>\n","protected":false},"excerpt":{"rendered":"<p>Sonnentor Rub me Tender Grillgew\u00fcrz 60 g mit Wacholder macht Grillgut scharf und verf\u00fchrerisch. Durch sorgf\u00e4ltiges Einmassieren dieser Mischung wird das Fleisch zart und geschmackvoll. Ideal auch als Marinade mit Honig und Sojasauce &#8211; Spitzengrillgew\u00fcrze von Sonnentor jetzt preisg\u00fcnstig bestellen!<\/p>\n","protected":false},"featured_media":115253,"template":"","meta":{"_acf_changed":false},"product_brand":[],"product_cat":[303],"product_tag":[],"class_list":{"0":"post-115251","1":"product","2":"type-product","3":"status-publish","4":"has-post-thumbnail","6":"product_cat-s","7":"pa_packungsgroesse-60g","9":"first","10":"instock","11":"shipping-taxable","12":"purchasable","13":"product-type-simple"},"acf":[],"_links":{"self":[{"href":"https:\/\/www.hirtenberg-apotheke.at\/katalog\/wp-json\/wp\/v2\/product\/115251","targetHints":{"allow":["GET"]}}],"collection":[{"href":"https:\/\/www.hirtenberg-apotheke.at\/katalog\/wp-json\/wp\/v2\/product"}],"about":[{"href":"https:\/\/www.hirtenberg-apotheke.at\/katalog\/wp-json\/wp\/v2\/types\/product"}],"wp:featuredmedia":[{"embeddable":true,"href":"https:\/\/www.hirtenberg-apotheke.at\/katalog\/wp-json\/wp\/v2\/media\/115253"}],"wp:attachment":[{"href":"https:\/\/www.hirtenberg-apotheke.at\/katalog\/wp-json\/wp\/v2\/media?parent=115251"}],"wp:term":[{"taxonomy":"product_brand","embeddable":true,"href":"https:\/\/www.hirtenberg-apotheke.at\/katalog\/wp-json\/wp\/v2\/product_brand?post=115251"},{"taxonomy":"product_cat","embeddable":true,"href":"https:\/\/www.hirtenberg-apotheke.at\/katalog\/wp-json\/wp\/v2\/product_cat?post=115251"},{"taxonomy":"product_tag","embeddable":true,"href":"https:\/\/www.hirtenberg-apotheke.at\/katalog\/wp-json\/wp\/v2\/product_tag?post=115251"}],"curies":[{"name":"wp","href":"https:\/\/api.w.org\/{rel}","templated":true}]}}