{"id":115297,"date":"2025-12-03T18:42:50","date_gmt":"2025-12-03T17:42:50","guid":{"rendered":"https:\/\/www.hirtenberg-apotheke.at\/katalog\/produkt\/contam-inkontinenz-tampons-mini-5-stk\/"},"modified":"2025-12-03T18:43:13","modified_gmt":"2025-12-03T17:43:13","slug":"contam-inkontinenz-tampons-mini-5-stk","status":"publish","type":"product","link":"https:\/\/www.hirtenberg-apotheke.at\/katalog\/produkt\/contam-inkontinenz-tampons-mini-5-stk\/","title":{"rendered":"Contam Inkontinenz Tampons Mini 5 Stk."},"content":{"rendered":"<p>Contam Inkontinenz Tampons Mini 5 Stk. zur Selbstvesorgung bei Blasenschw\u00e4che und unfreiwilligem Harnverlust bei Lachen, Husten, Niesen, etc. Contam werden bei Belastungs-Inkontinenz und zur St\u00e4rkung und Aktivierung der Beckenbodenmuskulatur verwendet. Die Ausf\u00fchrung &#8222;Mini&#8220; hat einen Durchmesser von 22 mm.<\/p>\n","protected":false},"excerpt":{"rendered":"<p>Contam Inkontinenz Tampons Mini 5 Stk. zur Selbstvesorgung bei Blasenschw\u00e4che und unfreiwilligem Harnverlust bei Lachen, Husten, Niesen, etc. Contam werden bei Belastungs-Inkontinenz und zur St\u00e4rkung und Aktivierung der Beckenbodenmuskulatur verwendet. Die Ausf\u00fchrung &#8222;Mini&#8220; hat einen Durchmesser von 22 mm.<\/p>\n","protected":false},"featured_media":115299,"template":"","meta":{"_acf_changed":false},"product_brand":[],"product_cat":[337],"product_tag":[],"class_list":{"0":"post-115297","1":"product","2":"type-product","3":"status-publish","4":"has-post-thumbnail","6":"product_cat-c","7":"pa_packungsgroesse-5-stueck","9":"first","10":"instock","11":"shipping-taxable","12":"purchasable","13":"product-type-simple"},"acf":[],"_links":{"self":[{"href":"https:\/\/www.hirtenberg-apotheke.at\/katalog\/wp-json\/wp\/v2\/product\/115297","targetHints":{"allow":["GET"]}}],"collection":[{"href":"https:\/\/www.hirtenberg-apotheke.at\/katalog\/wp-json\/wp\/v2\/product"}],"about":[{"href":"https:\/\/www.hirtenberg-apotheke.at\/katalog\/wp-json\/wp\/v2\/types\/product"}],"wp:featuredmedia":[{"embeddable":true,"href":"https:\/\/www.hirtenberg-apotheke.at\/katalog\/wp-json\/wp\/v2\/media\/115299"}],"wp:attachment":[{"href":"https:\/\/www.hirtenberg-apotheke.at\/katalog\/wp-json\/wp\/v2\/media?parent=115297"}],"wp:term":[{"taxonomy":"product_brand","embeddable":true,"href":"https:\/\/www.hirtenberg-apotheke.at\/katalog\/wp-json\/wp\/v2\/product_brand?post=115297"},{"taxonomy":"product_cat","embeddable":true,"href":"https:\/\/www.hirtenberg-apotheke.at\/katalog\/wp-json\/wp\/v2\/product_cat?post=115297"},{"taxonomy":"product_tag","embeddable":true,"href":"https:\/\/www.hirtenberg-apotheke.at\/katalog\/wp-json\/wp\/v2\/product_tag?post=115297"}],"curies":[{"name":"wp","href":"https:\/\/api.w.org\/{rel}","templated":true}]}}