{"id":11533,"date":"2025-11-25T14:26:48","date_gmt":"2025-11-25T13:26:48","guid":{"rendered":"https:\/\/www.hirtenberg-apotheke.at\/katalog\/produkt\/doralgomed-mobil-kapseln-90-stk\/"},"modified":"2025-11-25T14:27:27","modified_gmt":"2025-11-25T13:27:27","slug":"doralgomed-mobil-kapseln-90-stk","status":"publish","type":"product","link":"https:\/\/www.hirtenberg-apotheke.at\/katalog\/produkt\/doralgomed-mobil-kapseln-90-stk\/","title":{"rendered":"doralgomed Mobil-Kapseln 90 Stk."},"content":{"rendered":"<p>doralgomed Mobil-Kapseln dienen zur di\u00e4tetischen Behandlung von schmerzhaften Bewegungseinschr\u00e4nkungen im Bereich der Wirbels\u00e4ule (Wirbels\u00e4ulensyndrom), Neuralgien und Polyneuropathien.<\/p>\n","protected":false},"excerpt":{"rendered":"<p>doralgomed Mobil-Kapseln dienen zur di\u00e4tetischen Behandlung von schmerzhaften Bewegungseinschr\u00e4nkungen im Bereich der Wirbels\u00e4ule (Wirbels\u00e4ulensyndrom), Neuralgien und Polyneuropathien.<\/p>\n","protected":false},"featured_media":11535,"template":"","meta":{"_acf_changed":false},"product_brand":[],"product_cat":[295],"product_tag":[],"class_list":{"0":"post-11533","1":"product","2":"type-product","3":"status-publish","4":"has-post-thumbnail","6":"product_cat-d","7":"pa_packungsgroesse-90-stueck","9":"first","10":"instock","11":"shipping-taxable","12":"purchasable","13":"product-type-simple"},"acf":[],"_links":{"self":[{"href":"https:\/\/www.hirtenberg-apotheke.at\/katalog\/wp-json\/wp\/v2\/product\/11533","targetHints":{"allow":["GET"]}}],"collection":[{"href":"https:\/\/www.hirtenberg-apotheke.at\/katalog\/wp-json\/wp\/v2\/product"}],"about":[{"href":"https:\/\/www.hirtenberg-apotheke.at\/katalog\/wp-json\/wp\/v2\/types\/product"}],"wp:featuredmedia":[{"embeddable":true,"href":"https:\/\/www.hirtenberg-apotheke.at\/katalog\/wp-json\/wp\/v2\/media\/11535"}],"wp:attachment":[{"href":"https:\/\/www.hirtenberg-apotheke.at\/katalog\/wp-json\/wp\/v2\/media?parent=11533"}],"wp:term":[{"taxonomy":"product_brand","embeddable":true,"href":"https:\/\/www.hirtenberg-apotheke.at\/katalog\/wp-json\/wp\/v2\/product_brand?post=11533"},{"taxonomy":"product_cat","embeddable":true,"href":"https:\/\/www.hirtenberg-apotheke.at\/katalog\/wp-json\/wp\/v2\/product_cat?post=11533"},{"taxonomy":"product_tag","embeddable":true,"href":"https:\/\/www.hirtenberg-apotheke.at\/katalog\/wp-json\/wp\/v2\/product_tag?post=11533"}],"curies":[{"name":"wp","href":"https:\/\/api.w.org\/{rel}","templated":true}]}}