{"id":115525,"date":"2025-12-03T21:13:21","date_gmt":"2025-12-03T20:13:21","guid":{"rendered":"https:\/\/www.hirtenberg-apotheke.at\/katalog\/produkt\/tantum-verde-3-mg-pastillen-mit-honig-und-orangengeschmack\/"},"modified":"2025-12-03T21:13:31","modified_gmt":"2025-12-03T20:13:31","slug":"tantum-verde-3-mg-pastillen-mit-honig-und-orangengeschmack","status":"publish","type":"product","link":"https:\/\/www.hirtenberg-apotheke.at\/katalog\/produkt\/tantum-verde-3-mg-pastillen-mit-honig-und-orangengeschmack\/","title":{"rendered":"Tantum Verde 3 mg &#8211; Pastillen mit Honig- und Orangengeschmack"},"content":{"rendered":"<p><strong>Vierfacher Effekt f\u00fcr umfassende Linderung<br \/>Tantum Verde\u00ae Pastillen wirken:<\/strong><br \/>\u2022 schmerzlindernd<br \/>\u2022 entz\u00fcndungshemmend<br \/>\u2022 lokal bet\u00e4ubend<br \/>\u2022 antibakteriell<\/p>\n<p><strong>Ohne Zucker \u2013 voller Geschmack<\/strong><br \/>Tantum Verde\u00ae Pastillen sind zuckerfrei\u00b9\u2074\u2075 \u2013 ideal f\u00fcr bewussten Genuss.<\/p>\n<p><strong>Drei k\u00f6stliche Sorten zur Auswahl<\/strong><br \/>Erh\u00e4ltlich in den Geschmacksrichtungen Zitrone, Orange-Honig und Minze \u2013 f\u00fcr jeden Geschmack das Richtige.<\/p>\n<p><strong>Anwendungsgebiet<\/strong><br \/>Tantum Verde\u00ae Lutschpastillen werden zur Linderung von Schmerzen, Entz\u00fcndungen und Schwellungen im Mund- und Rachenraum eingesetzt \u2013 ideal bei Halsschmerzen und Reizungen.<\/p>\n<p><strong>So wirkt Tantum Verde\u00ae<\/strong><br \/>Der enthaltene Wirkstoff Benzydaminhydrochlorid entfaltet eine 4-fach Wirkung: Er lindert Schmerzen, bek\u00e4mpft Entz\u00fcndungen, wirkt lokal bet\u00e4ubend und hemmt Keime. Dadurch sorgt Tantum Verde\u00ae schnell f\u00fcr sp\u00fcrbare Erleichterung bei Beschwerden im Mund- und Rachenbereich.<\/p>\n","protected":false},"excerpt":{"rendered":"<p>Vierfacher Effekt f\u00fcr umfassende LinderungTantum Verde\u00ae Pastillen wirken:\u2022 schmerzlindernd\u2022 entz\u00fcndungshemmend\u2022 lokal bet\u00e4ubend\u2022 antibakteriell Ohne Zucker \u2013 voller GeschmackTantum Verde\u00ae Pastillen sind zuckerfrei\u00b9\u2074\u2075 \u2013 ideal f\u00fcr bewussten Genuss. Drei k\u00f6stliche Sorten zur AuswahlErh\u00e4ltlich in den Geschmacksrichtungen Zitrone, Orange-Honig und Minze \u2013 f\u00fcr jeden Geschmack das Richtige. AnwendungsgebietTantum Verde\u00ae Lutschpastillen werden zur Linderung von Schmerzen, Entz\u00fcndungen und [&hellip;]<\/p>\n","protected":false},"featured_media":115527,"template":"","meta":{"_acf_changed":false},"product_brand":[525],"product_cat":[319],"product_tag":[],"class_list":{"0":"post-115525","1":"product","2":"type-product","3":"status-publish","4":"has-post-thumbnail","6":"product_brand-tantum-verde","7":"product_cat-t","8":"pa_geschmack-honig-und-orange","9":"pa_packungsgroesse-20-stueck","11":"first","12":"instock","13":"shipping-taxable","14":"purchasable","15":"product-type-simple"},"acf":[],"_links":{"self":[{"href":"https:\/\/www.hirtenberg-apotheke.at\/katalog\/wp-json\/wp\/v2\/product\/115525","targetHints":{"allow":["GET"]}}],"collection":[{"href":"https:\/\/www.hirtenberg-apotheke.at\/katalog\/wp-json\/wp\/v2\/product"}],"about":[{"href":"https:\/\/www.hirtenberg-apotheke.at\/katalog\/wp-json\/wp\/v2\/types\/product"}],"wp:featuredmedia":[{"embeddable":true,"href":"https:\/\/www.hirtenberg-apotheke.at\/katalog\/wp-json\/wp\/v2\/media\/115527"}],"wp:attachment":[{"href":"https:\/\/www.hirtenberg-apotheke.at\/katalog\/wp-json\/wp\/v2\/media?parent=115525"}],"wp:term":[{"taxonomy":"product_brand","embeddable":true,"href":"https:\/\/www.hirtenberg-apotheke.at\/katalog\/wp-json\/wp\/v2\/product_brand?post=115525"},{"taxonomy":"product_cat","embeddable":true,"href":"https:\/\/www.hirtenberg-apotheke.at\/katalog\/wp-json\/wp\/v2\/product_cat?post=115525"},{"taxonomy":"product_tag","embeddable":true,"href":"https:\/\/www.hirtenberg-apotheke.at\/katalog\/wp-json\/wp\/v2\/product_tag?post=115525"}],"curies":[{"name":"wp","href":"https:\/\/api.w.org\/{rel}","templated":true}]}}