{"id":11569,"date":"2025-11-25T14:27:26","date_gmt":"2025-11-25T13:27:26","guid":{"rendered":"https:\/\/www.hirtenberg-apotheke.at\/katalog\/produkt\/green-health-pure-weihrauch-kapseln\/"},"modified":"2025-11-25T14:28:01","modified_gmt":"2025-11-25T13:28:01","slug":"green-health-pure-weihrauch-kapseln","status":"publish","type":"product","link":"https:\/\/www.hirtenberg-apotheke.at\/katalog\/produkt\/green-health-pure-weihrauch-kapseln\/","title":{"rendered":"Green Health Pure Weihrauch Kapseln"},"content":{"rendered":"<p>Green Health Weihrauch Kapseln 90 Stk.unterst\u00fctzen Ihr Wohlbefinden! Die wohltuenden Wirkungen von Weihrauch sind bereits seit Jahrhunderten hoch angesehen. Der indische Weihrauch z\u00e4hlt zu den Balsambaumgew\u00e4chsen und wird traditionellerweise zur Herstellung von R\u00e4ucherwerk, \u00e4therischen \u00d6len und Extrakten verwendet.<\/p>\n","protected":false},"excerpt":{"rendered":"<p>Green Health Weihrauch Kapseln 90 Stk.unterst\u00fctzen Ihr Wohlbefinden! Die wohltuenden Wirkungen von Weihrauch sind bereits seit Jahrhunderten hoch angesehen. Der indische Weihrauch z\u00e4hlt zu den Balsambaumgew\u00e4chsen und wird traditionellerweise zur Herstellung von R\u00e4ucherwerk, \u00e4therischen \u00d6len und Extrakten verwendet.<\/p>\n","protected":false},"featured_media":11571,"template":"","meta":{"_acf_changed":false},"product_brand":[481],"product_cat":[328],"product_tag":[],"class_list":{"0":"post-11569","1":"product","2":"type-product","3":"status-publish","4":"has-post-thumbnail","6":"product_brand-green-health","7":"product_cat-g","8":"pa_packungsgroesse-90-stueck","10":"first","11":"instock","12":"shipping-taxable","13":"purchasable","14":"product-type-simple"},"acf":[],"_links":{"self":[{"href":"https:\/\/www.hirtenberg-apotheke.at\/katalog\/wp-json\/wp\/v2\/product\/11569","targetHints":{"allow":["GET"]}}],"collection":[{"href":"https:\/\/www.hirtenberg-apotheke.at\/katalog\/wp-json\/wp\/v2\/product"}],"about":[{"href":"https:\/\/www.hirtenberg-apotheke.at\/katalog\/wp-json\/wp\/v2\/types\/product"}],"wp:featuredmedia":[{"embeddable":true,"href":"https:\/\/www.hirtenberg-apotheke.at\/katalog\/wp-json\/wp\/v2\/media\/11571"}],"wp:attachment":[{"href":"https:\/\/www.hirtenberg-apotheke.at\/katalog\/wp-json\/wp\/v2\/media?parent=11569"}],"wp:term":[{"taxonomy":"product_brand","embeddable":true,"href":"https:\/\/www.hirtenberg-apotheke.at\/katalog\/wp-json\/wp\/v2\/product_brand?post=11569"},{"taxonomy":"product_cat","embeddable":true,"href":"https:\/\/www.hirtenberg-apotheke.at\/katalog\/wp-json\/wp\/v2\/product_cat?post=11569"},{"taxonomy":"product_tag","embeddable":true,"href":"https:\/\/www.hirtenberg-apotheke.at\/katalog\/wp-json\/wp\/v2\/product_tag?post=11569"}],"curies":[{"name":"wp","href":"https:\/\/api.w.org\/{rel}","templated":true}]}}