{"id":115805,"date":"2025-12-03T21:18:39","date_gmt":"2025-12-03T20:18:39","guid":{"rendered":"https:\/\/www.hirtenberg-apotheke.at\/katalog\/produkt\/aloe-vera-shampoo-duschbad-200-ml\/"},"modified":"2025-12-03T21:18:47","modified_gmt":"2025-12-03T20:18:47","slug":"aloe-vera-shampoo-duschbad-200-ml","status":"publish","type":"product","link":"https:\/\/www.hirtenberg-apotheke.at\/katalog\/produkt\/aloe-vera-shampoo-duschbad-200-ml\/","title":{"rendered":"Aloe Vera Shampoo &#038; Duschbad 200 ml"},"content":{"rendered":"<p>Aloe Vera Shampoo &#038; Duschbad enth\u00e4lt echten Aloe-Vera-Extrakt. Die Wunderpflanze aus der W\u00fcste enth\u00e4lt die meisten Wirkstoffe aller Heilpflanzen. Durch die Vielzahl an wertvollen Vitaminen ist Aloe Vera besonders hautfreundlich.<\/p>\n","protected":false},"excerpt":{"rendered":"<p>Aloe Vera Shampoo &#038; Duschbad enth\u00e4lt echten Aloe-Vera-Extrakt. Die Wunderpflanze aus der W\u00fcste enth\u00e4lt die meisten Wirkstoffe aller Heilpflanzen. Durch die Vielzahl an wertvollen Vitaminen ist Aloe Vera besonders hautfreundlich.<\/p>\n","protected":false},"featured_media":115807,"template":"","meta":{"_acf_changed":false},"product_brand":[],"product_cat":[299],"product_tag":[],"class_list":{"0":"post-115805","1":"product","2":"type-product","3":"status-publish","4":"has-post-thumbnail","6":"product_cat-a","7":"pa_packungsgroesse-200ml","9":"first","10":"instock","11":"shipping-taxable","12":"purchasable","13":"product-type-simple"},"acf":[],"_links":{"self":[{"href":"https:\/\/www.hirtenberg-apotheke.at\/katalog\/wp-json\/wp\/v2\/product\/115805","targetHints":{"allow":["GET"]}}],"collection":[{"href":"https:\/\/www.hirtenberg-apotheke.at\/katalog\/wp-json\/wp\/v2\/product"}],"about":[{"href":"https:\/\/www.hirtenberg-apotheke.at\/katalog\/wp-json\/wp\/v2\/types\/product"}],"wp:featuredmedia":[{"embeddable":true,"href":"https:\/\/www.hirtenberg-apotheke.at\/katalog\/wp-json\/wp\/v2\/media\/115807"}],"wp:attachment":[{"href":"https:\/\/www.hirtenberg-apotheke.at\/katalog\/wp-json\/wp\/v2\/media?parent=115805"}],"wp:term":[{"taxonomy":"product_brand","embeddable":true,"href":"https:\/\/www.hirtenberg-apotheke.at\/katalog\/wp-json\/wp\/v2\/product_brand?post=115805"},{"taxonomy":"product_cat","embeddable":true,"href":"https:\/\/www.hirtenberg-apotheke.at\/katalog\/wp-json\/wp\/v2\/product_cat?post=115805"},{"taxonomy":"product_tag","embeddable":true,"href":"https:\/\/www.hirtenberg-apotheke.at\/katalog\/wp-json\/wp\/v2\/product_tag?post=115805"}],"curies":[{"name":"wp","href":"https:\/\/api.w.org\/{rel}","templated":true}]}}