{"id":116008,"date":"2025-12-03T21:22:10","date_gmt":"2025-12-03T20:22:10","guid":{"rendered":"https:\/\/www.hirtenberg-apotheke.at\/katalog\/produkt\/st-severin-arnika-salbe\/"},"modified":"2025-12-03T21:22:26","modified_gmt":"2025-12-03T20:22:26","slug":"st-severin-arnika-salbe","status":"publish","type":"product","link":"https:\/\/www.hirtenberg-apotheke.at\/katalog\/produkt\/st-severin-arnika-salbe\/","title":{"rendered":"St Severin Arnika Salbe"},"content":{"rendered":"<p>Die Echte Arnika (Arnica montana) z\u00e4hlt zu der Familie der Korbbl\u00fctler (Asteraceae). Die Pflanze steht unter Naturschutz. Arnikabl\u00fcten enthalten \u00e4therisches \u00d6l, Fla vonoide und Sesquiterpenlactone, die entz\u00fcndungshemmend und antiseptisch Eigenschaften haben. Seit dem 18. Jahrhundert wird Arnika eingesetzt. Arnika wird zur \u00e4u\u00dferen Anwendung bei Verletzungen und bei rheumatischen Muskel- und Ge lenkbeschwerden verwendet. Des weiteren wird Arnike bei Prellungen, Bluterg\u00fcs sen, stumpfen Verstauchungen und Zerrungen eingesetzt.<\/p>\n<p><\/p>\n<p><strong>Inhaltsstoffe:<\/strong><\/p>\n<p>Arnica montana, Petrolatum. Arnikabl\u00fcten werden nach dem Arzneibuch gepr\u00fcft und unterliegen somit strengsten qualitativen Anforderungen. Die verwendete wei\u00dfe Vaseline entspricht der apotheken\u00fcblichen Qualit\u00e4t<\/p>\n","protected":false},"excerpt":{"rendered":"<p>Die Echte Arnika (Arnica montana) z\u00e4hlt zu der Familie der Korbbl\u00fctler (Asteraceae). Die Pflanze steht unter Naturschutz. Arnikabl\u00fcten enthalten \u00e4therisches \u00d6l, Fla vonoide und Sesquiterpenlactone, die entz\u00fcndungshemmend und antiseptisch Eigenschaften haben. Seit dem 18. Jahrhundert wird Arnika eingesetzt. Arnika wird zur \u00e4u\u00dferen Anwendung bei Verletzungen und bei rheumatischen Muskel- und Ge lenkbeschwerden verwendet. Des weiteren [&hellip;]<\/p>\n","protected":false},"featured_media":116010,"template":"","meta":{"_acf_changed":false},"product_brand":[411],"product_cat":[303],"product_tag":[],"class_list":{"0":"post-116008","1":"product","2":"type-product","3":"status-publish","4":"has-post-thumbnail","6":"product_brand-st-severin","7":"product_cat-s","8":"pa_packungsgroesse-50g","10":"first","11":"instock","12":"shipping-taxable","13":"purchasable","14":"product-type-simple"},"acf":[],"_links":{"self":[{"href":"https:\/\/www.hirtenberg-apotheke.at\/katalog\/wp-json\/wp\/v2\/product\/116008","targetHints":{"allow":["GET"]}}],"collection":[{"href":"https:\/\/www.hirtenberg-apotheke.at\/katalog\/wp-json\/wp\/v2\/product"}],"about":[{"href":"https:\/\/www.hirtenberg-apotheke.at\/katalog\/wp-json\/wp\/v2\/types\/product"}],"wp:featuredmedia":[{"embeddable":true,"href":"https:\/\/www.hirtenberg-apotheke.at\/katalog\/wp-json\/wp\/v2\/media\/116010"}],"wp:attachment":[{"href":"https:\/\/www.hirtenberg-apotheke.at\/katalog\/wp-json\/wp\/v2\/media?parent=116008"}],"wp:term":[{"taxonomy":"product_brand","embeddable":true,"href":"https:\/\/www.hirtenberg-apotheke.at\/katalog\/wp-json\/wp\/v2\/product_brand?post=116008"},{"taxonomy":"product_cat","embeddable":true,"href":"https:\/\/www.hirtenberg-apotheke.at\/katalog\/wp-json\/wp\/v2\/product_cat?post=116008"},{"taxonomy":"product_tag","embeddable":true,"href":"https:\/\/www.hirtenberg-apotheke.at\/katalog\/wp-json\/wp\/v2\/product_tag?post=116008"}],"curies":[{"name":"wp","href":"https:\/\/api.w.org\/{rel}","templated":true}]}}