{"id":11613,"date":"2025-11-25T14:28:12","date_gmt":"2025-11-25T13:28:12","guid":{"rendered":"https:\/\/www.hirtenberg-apotheke.at\/katalog\/produkt\/orthomol-tendo-granulat-plus-tablette-kapseln-30-stk\/"},"modified":"2025-11-25T14:28:42","modified_gmt":"2025-11-25T13:28:42","slug":"orthomol-tendo-granulat-plus-tablette-kapseln-30-stk","status":"publish","type":"product","link":"https:\/\/www.hirtenberg-apotheke.at\/katalog\/produkt\/orthomol-tendo-granulat-plus-tablette-kapseln-30-stk\/","title":{"rendered":"Orthomol Tendo Granulat plus Tablette\/Kapseln 30 Stk."},"content":{"rendered":"<p>Orthomol Tendo Granulat\u00ae plus Tablette\/Kapseln 30 Stk.  ist ein Nahrungserg\u00e4nzungsmittel mit wichtigen N\u00e4hrstoffe f\u00fcr das Bindegewebe. Mangan tr\u00e4gt zur normalen Bildung von Bindegewebe bei, Kupfer tr\u00e4gt zur Erhaltung bei. Vitamin C tr\u00e4gt zu einer normalen Kollagenbildung f\u00fcr eine normale Funktion von Knorpel und Knochen bei. Vitamin C, Vitamin E und Vitamin B2 (Riboflavin) sowie Zink, Selen, Kupfer und Mangan tragen zum Schutz der Zellen vor oxidativem Stress bei. Magnesium und Zink tragen zu einer normalen Eiwei\u00dfsynthese bei<\/p>\n","protected":false},"excerpt":{"rendered":"<p>Orthomol Tendo Granulat\u00ae plus Tablette\/Kapseln 30 Stk. ist ein Nahrungserg\u00e4nzungsmittel mit wichtigen N\u00e4hrstoffe f\u00fcr das Bindegewebe. Mangan tr\u00e4gt zur normalen Bildung von Bindegewebe bei, Kupfer tr\u00e4gt zur Erhaltung bei. Vitamin C tr\u00e4gt zu einer normalen Kollagenbildung f\u00fcr eine normale Funktion von Knorpel und Knochen bei. Vitamin C, Vitamin E und Vitamin B2 (Riboflavin) sowie Zink, [&hellip;]<\/p>\n","protected":false},"featured_media":11615,"template":"","meta":{"_acf_changed":false},"product_brand":[348],"product_cat":[349],"product_tag":[],"class_list":{"0":"post-11613","1":"product","2":"type-product","3":"status-publish","4":"has-post-thumbnail","6":"product_brand-orthomol","7":"product_cat-o","8":"pa_packungsgroesse-30-stueck","10":"first","11":"instock","12":"shipping-taxable","13":"purchasable","14":"product-type-simple"},"acf":[],"_links":{"self":[{"href":"https:\/\/www.hirtenberg-apotheke.at\/katalog\/wp-json\/wp\/v2\/product\/11613","targetHints":{"allow":["GET"]}}],"collection":[{"href":"https:\/\/www.hirtenberg-apotheke.at\/katalog\/wp-json\/wp\/v2\/product"}],"about":[{"href":"https:\/\/www.hirtenberg-apotheke.at\/katalog\/wp-json\/wp\/v2\/types\/product"}],"wp:featuredmedia":[{"embeddable":true,"href":"https:\/\/www.hirtenberg-apotheke.at\/katalog\/wp-json\/wp\/v2\/media\/11615"}],"wp:attachment":[{"href":"https:\/\/www.hirtenberg-apotheke.at\/katalog\/wp-json\/wp\/v2\/media?parent=11613"}],"wp:term":[{"taxonomy":"product_brand","embeddable":true,"href":"https:\/\/www.hirtenberg-apotheke.at\/katalog\/wp-json\/wp\/v2\/product_brand?post=11613"},{"taxonomy":"product_cat","embeddable":true,"href":"https:\/\/www.hirtenberg-apotheke.at\/katalog\/wp-json\/wp\/v2\/product_cat?post=11613"},{"taxonomy":"product_tag","embeddable":true,"href":"https:\/\/www.hirtenberg-apotheke.at\/katalog\/wp-json\/wp\/v2\/product_tag?post=11613"}],"curies":[{"name":"wp","href":"https:\/\/api.w.org\/{rel}","templated":true}]}}