{"id":116691,"date":"2025-12-03T21:37:41","date_gmt":"2025-12-03T20:37:41","guid":{"rendered":"https:\/\/www.hirtenberg-apotheke.at\/katalog\/produkt\/bachbluete-nr-22-oak-tropfen-20-ml\/"},"modified":"2025-12-03T21:37:46","modified_gmt":"2025-12-03T20:37:46","slug":"bachbluete-nr-22-oak-tropfen-20-ml","status":"publish","type":"product","link":"https:\/\/www.hirtenberg-apotheke.at\/katalog\/produkt\/bachbluete-nr-22-oak-tropfen-20-ml\/","title":{"rendered":"Bachbl\u00fcte Nr. 22 Oak Tropfen 20 ml"},"content":{"rendered":"<p>Die original Bach\u00ae-Bl\u00fcten:In den 1930er Jahren definierte der Engl\u00e4nderEdward Bach 38 grundlegende Gef\u00fchlszust\u00e4ndeund entwickelte damit korrespondierendeBl\u00fctenessenzen. Diese sind als die original Bach\u00ae-Bl\u00fcten bekannt. Zur Herstellung verwendete er dieBl\u00fcten wild wachsender Pflanzen und B\u00e4umesowie ein Felswasser. Die original Bach\u00ae-Bl\u00fctenk\u00f6nnen uns dabei unterst\u00fctzen, den emotionalenHerausforderungen des t\u00e4glichen Lebens zubegegnen. Sie k\u00f6nnen die original Bach\u00ae-Bl\u00fcteneinzeln verwenden oder sich eine Bach\u00ae-Bl\u00fctenmischung zusammenstellen, die auf Ihrejeweilige Gef\u00fchlssituation zugeschnitten ist.Noch heute werden die meisten der original Bach\u00ae-Bl\u00fcten und Pflanzen an den original Fundstellenim Garten des Bach Centres gesammelt. DieHerstellung der original Bach\u00ae-Bl\u00fcten Produktefolgt bis heute strikt den original Anweisungen vonEdward Bach. Sie haben das Gef\u00fchl Ihr Pflichtgef\u00fchl treibt siedazu, sich immer durchzuk\u00e4mpfen,wobei andere Dinge zu kurz kommen?Positives Potenzial der original Bach\u00ae-Bl\u00fcte Oak:Erkennen der eigenen Leistungsgrenze.<\/p>\n","protected":false},"excerpt":{"rendered":"<p>Die original Bach\u00ae-Bl\u00fcten:In den 1930er Jahren definierte der Engl\u00e4nderEdward Bach 38 grundlegende Gef\u00fchlszust\u00e4ndeund entwickelte damit korrespondierendeBl\u00fctenessenzen. Diese sind als die original Bach\u00ae-Bl\u00fcten bekannt. Zur Herstellung verwendete er dieBl\u00fcten wild wachsender Pflanzen und B\u00e4umesowie ein Felswasser. Die original Bach\u00ae-Bl\u00fctenk\u00f6nnen uns dabei unterst\u00fctzen, den emotionalenHerausforderungen des t\u00e4glichen Lebens zubegegnen. Sie k\u00f6nnen die original Bach\u00ae-Bl\u00fcteneinzeln verwenden oder sich [&hellip;]<\/p>\n","protected":false},"featured_media":116693,"template":"","meta":{"_acf_changed":false},"product_brand":[],"product_cat":[292],"product_tag":[],"class_list":{"0":"post-116691","1":"product","2":"type-product","3":"status-publish","4":"has-post-thumbnail","6":"product_cat-b","7":"pa_packungsgroesse-20ml","9":"first","10":"instock","11":"shipping-taxable","12":"purchasable","13":"product-type-simple"},"acf":[],"_links":{"self":[{"href":"https:\/\/www.hirtenberg-apotheke.at\/katalog\/wp-json\/wp\/v2\/product\/116691","targetHints":{"allow":["GET"]}}],"collection":[{"href":"https:\/\/www.hirtenberg-apotheke.at\/katalog\/wp-json\/wp\/v2\/product"}],"about":[{"href":"https:\/\/www.hirtenberg-apotheke.at\/katalog\/wp-json\/wp\/v2\/types\/product"}],"wp:featuredmedia":[{"embeddable":true,"href":"https:\/\/www.hirtenberg-apotheke.at\/katalog\/wp-json\/wp\/v2\/media\/116693"}],"wp:attachment":[{"href":"https:\/\/www.hirtenberg-apotheke.at\/katalog\/wp-json\/wp\/v2\/media?parent=116691"}],"wp:term":[{"taxonomy":"product_brand","embeddable":true,"href":"https:\/\/www.hirtenberg-apotheke.at\/katalog\/wp-json\/wp\/v2\/product_brand?post=116691"},{"taxonomy":"product_cat","embeddable":true,"href":"https:\/\/www.hirtenberg-apotheke.at\/katalog\/wp-json\/wp\/v2\/product_cat?post=116691"},{"taxonomy":"product_tag","embeddable":true,"href":"https:\/\/www.hirtenberg-apotheke.at\/katalog\/wp-json\/wp\/v2\/product_tag?post=116691"}],"curies":[{"name":"wp","href":"https:\/\/api.w.org\/{rel}","templated":true}]}}