{"id":11676,"date":"2025-11-25T14:29:10","date_gmt":"2025-11-25T13:29:10","guid":{"rendered":"https:\/\/www.hirtenberg-apotheke.at\/katalog\/produkt\/keltican-forte-kapseln-20-stk\/"},"modified":"2025-11-25T14:29:27","modified_gmt":"2025-11-25T13:29:27","slug":"keltican-forte-kapseln-20-stk","status":"publish","type":"product","link":"https:\/\/www.hirtenberg-apotheke.at\/katalog\/produkt\/keltican-forte-kapseln-20-stk\/","title":{"rendered":"Keltican forte Kapseln 20 Stk."},"content":{"rendered":"<p>Keltican Forte Kapseln sind zur di\u00e4tetischen Behandlung von Wirbels\u00e4ulen-Syndromen, Neuralgien und Polyneuropathien bestimmt. Uridinmonophosphat, Vitamin B12 und Fols\u00e4ure tragen zur Aktivierung k\u00f6rpereigener Reparaturvorg\u00e4nge gesch\u00e4digter Nerven bei -jetzt alle Produkte von Gall Pharma bestellen!<\/p>\n","protected":false},"excerpt":{"rendered":"<p>Keltican Forte Kapseln sind zur di\u00e4tetischen Behandlung von Wirbels\u00e4ulen-Syndromen, Neuralgien und Polyneuropathien bestimmt. Uridinmonophosphat, Vitamin B12 und Fols\u00e4ure tragen zur Aktivierung k\u00f6rpereigener Reparaturvorg\u00e4nge gesch\u00e4digter Nerven bei -jetzt alle Produkte von Gall Pharma bestellen!<\/p>\n","protected":false},"featured_media":11678,"template":"","meta":{"_acf_changed":false},"product_brand":[316],"product_cat":[387],"product_tag":[],"class_list":{"0":"post-11676","1":"product","2":"type-product","3":"status-publish","4":"has-post-thumbnail","6":"product_brand-gall-pharma","7":"product_cat-k","8":"pa_packungsgroesse-20-stueck","10":"first","11":"instock","12":"shipping-taxable","13":"purchasable","14":"product-type-simple"},"acf":[],"_links":{"self":[{"href":"https:\/\/www.hirtenberg-apotheke.at\/katalog\/wp-json\/wp\/v2\/product\/11676","targetHints":{"allow":["GET"]}}],"collection":[{"href":"https:\/\/www.hirtenberg-apotheke.at\/katalog\/wp-json\/wp\/v2\/product"}],"about":[{"href":"https:\/\/www.hirtenberg-apotheke.at\/katalog\/wp-json\/wp\/v2\/types\/product"}],"wp:featuredmedia":[{"embeddable":true,"href":"https:\/\/www.hirtenberg-apotheke.at\/katalog\/wp-json\/wp\/v2\/media\/11678"}],"wp:attachment":[{"href":"https:\/\/www.hirtenberg-apotheke.at\/katalog\/wp-json\/wp\/v2\/media?parent=11676"}],"wp:term":[{"taxonomy":"product_brand","embeddable":true,"href":"https:\/\/www.hirtenberg-apotheke.at\/katalog\/wp-json\/wp\/v2\/product_brand?post=11676"},{"taxonomy":"product_cat","embeddable":true,"href":"https:\/\/www.hirtenberg-apotheke.at\/katalog\/wp-json\/wp\/v2\/product_cat?post=11676"},{"taxonomy":"product_tag","embeddable":true,"href":"https:\/\/www.hirtenberg-apotheke.at\/katalog\/wp-json\/wp\/v2\/product_tag?post=11676"}],"curies":[{"name":"wp","href":"https:\/\/api.w.org\/{rel}","templated":true}]}}