{"id":11689,"date":"2025-11-25T14:29:27","date_gmt":"2025-11-25T13:29:27","guid":{"rendered":"https:\/\/www.hirtenberg-apotheke.at\/katalog\/produkt\/orthomol-osteo-granulat-30-stk\/"},"modified":"2025-11-25T14:29:38","modified_gmt":"2025-11-25T13:29:38","slug":"orthomol-osteo-granulat-30-stk","status":"publish","type":"product","link":"https:\/\/www.hirtenberg-apotheke.at\/katalog\/produkt\/orthomol-osteo-granulat-30-stk\/","title":{"rendered":"Orthomol Osteo Granulat 30 Stk."},"content":{"rendered":"<p>Orthomol\u00ae Osteo Granulat 30 Stk. ist ein Nahrungserg\u00e4nzungsmittel mit wichtigen Mikron\u00e4hrstoffen f\u00fcr die Knochen. Vitamin D tr\u00e4gt zur normalen Aufnahme und Verwertung von Calcium und Phosphor sowie zur Aufrechterhaltung des normalen Calciumspiegels im Blut bei. Calcium wird f\u00fcr die Erhaltung normaler Knochen ben\u00f6tigt. Vitamin C ist an der normalen Kollagenbildung beteiligt und tr\u00e4gt zur normalen Funktion des Knochens bei &#8211; jetzt bestellen f\u00fcr starke und gesunde Knochen!<\/p>\n","protected":false},"excerpt":{"rendered":"<p>Orthomol\u00ae Osteo Granulat 30 Stk. ist ein Nahrungserg\u00e4nzungsmittel mit wichtigen Mikron\u00e4hrstoffen f\u00fcr die Knochen. Vitamin D tr\u00e4gt zur normalen Aufnahme und Verwertung von Calcium und Phosphor sowie zur Aufrechterhaltung des normalen Calciumspiegels im Blut bei. Calcium wird f\u00fcr die Erhaltung normaler Knochen ben\u00f6tigt. Vitamin C ist an der normalen Kollagenbildung beteiligt und tr\u00e4gt zur normalen [&hellip;]<\/p>\n","protected":false},"featured_media":11691,"template":"","meta":{"_acf_changed":false},"product_brand":[348],"product_cat":[349],"product_tag":[],"class_list":{"0":"post-11689","1":"product","2":"type-product","3":"status-publish","4":"has-post-thumbnail","6":"product_brand-orthomol","7":"product_cat-o","8":"pa_packungsgroesse-30-beutel","10":"first","11":"instock","12":"shipping-taxable","13":"purchasable","14":"product-type-simple"},"acf":[],"_links":{"self":[{"href":"https:\/\/www.hirtenberg-apotheke.at\/katalog\/wp-json\/wp\/v2\/product\/11689","targetHints":{"allow":["GET"]}}],"collection":[{"href":"https:\/\/www.hirtenberg-apotheke.at\/katalog\/wp-json\/wp\/v2\/product"}],"about":[{"href":"https:\/\/www.hirtenberg-apotheke.at\/katalog\/wp-json\/wp\/v2\/types\/product"}],"wp:featuredmedia":[{"embeddable":true,"href":"https:\/\/www.hirtenberg-apotheke.at\/katalog\/wp-json\/wp\/v2\/media\/11691"}],"wp:attachment":[{"href":"https:\/\/www.hirtenberg-apotheke.at\/katalog\/wp-json\/wp\/v2\/media?parent=11689"}],"wp:term":[{"taxonomy":"product_brand","embeddable":true,"href":"https:\/\/www.hirtenberg-apotheke.at\/katalog\/wp-json\/wp\/v2\/product_brand?post=11689"},{"taxonomy":"product_cat","embeddable":true,"href":"https:\/\/www.hirtenberg-apotheke.at\/katalog\/wp-json\/wp\/v2\/product_cat?post=11689"},{"taxonomy":"product_tag","embeddable":true,"href":"https:\/\/www.hirtenberg-apotheke.at\/katalog\/wp-json\/wp\/v2\/product_tag?post=11689"}],"curies":[{"name":"wp","href":"https:\/\/api.w.org\/{rel}","templated":true}]}}