{"id":11698,"date":"2025-11-25T14:29:27","date_gmt":"2025-11-25T13:29:27","guid":{"rendered":"https:\/\/www.hirtenberg-apotheke.at\/katalog\/produkt\/osteo-calvit-schlucktabletten-30-stk\/"},"modified":"2025-11-25T14:29:39","modified_gmt":"2025-11-25T13:29:39","slug":"osteo-calvit-schlucktabletten-30-stk","status":"publish","type":"product","link":"https:\/\/www.hirtenberg-apotheke.at\/katalog\/produkt\/osteo-calvit-schlucktabletten-30-stk\/","title":{"rendered":"Osteo Calvit Schlucktabletten 30 Stk."},"content":{"rendered":"<p><span style='margin: 0px;\"Times New Roman\",serif; font-size: 12pt;'><font color=\"#000000\">Calcium ist der wichtigste Mineralstoff im menschlichen Knochen. 99% des im K\u00f6rper vorhandenen Calciums ist in Knochen und Z\u00e4hnen eingebaut, weshalb Calcium die unentbehrliche Bausubstanz f\u00fcr feste Knochen, eine stabile Wirbels\u00e4ule und gesunde Z\u00e4hne ist. Vitamin D f\u00f6rdert die Aufnahme von Calcium in den K\u00f6rper und dessen Einbau in Knochen und Z\u00e4hne.<\/p>\n<p> Durch ausgewogene Ern\u00e4hrung, Bewegung und Sport kann man die Knochenmasse gesund erhalten. Schon ab etwa 30 Jahren wird Knochensubstanz abgebaut. Durch regelm\u00e4\u00dfige Einnahme von Calcium und Vitamin D3 kann man dem Knochenabbau entgegenwirken.<\/p>\n<p> Jede OsteoCalVit\u00ae Schlucktablette enth\u00e4lt 63% (500mg) der empfohlenen Tagesmenge an Calcium und 100% (5 \u00b5g) der empfohlenen Tagesmenge an Vitamin D.<\/p>\n<p> OsteoCalVit\u00ae ist f\u00fcr jedes Lebensalter mit erh\u00f6htem Calciumbedarf bestimmt (z.B. Wachstumsphase, Schwangerschaft, Stillzeit und ab den Wechseljahren). <\/p>\n<p> Vorteile von OsteoCalVit\u00ae<\/p>\n<p> \u2022 Praktische und kosteng\u00fcnstige Packungen:<br \/> \u00a0\u00a0\u00a0\u00a0 \u2013Tabletten f\u00fcr 1 Monat (30 St\u00fcck)<br \/> \u00a0\u00a0\u00a0\u00a0 \u2013Tabletten f\u00fcr 2 Monate (60 St\u00fcck)<br \/> \u2022 Kein unangenehmer Nachgeschmack.<br \/> \u2022 Gluten- und Laktosefrei.<br \/> \u2022 Enth\u00e4lt keine k\u00fcnstlichen Aromen.<br \/> \u2022 Enth\u00e4lt keine k\u00fcnstlichen S\u00fc\u00dfstoffe.<br \/> \u2022 F\u00fcr Diabetiker geeignet<\/p>\n<p>Zutaten:<\/p>\n<p> Calciumkarbonat, F\u00fcllstoff Maisst\u00e4rke, \u00dcberzugsmittel Polyvinylpyrrolidon und Carnauberwachs, F\u00fcllstoff Hydroxypropylmethylzellulose, Farbstoff Titandioxid, Tr\u00e4germittel Talkum, Emulgator Magnesiumsalze von Speisefetts\u00e4uren, Vitamin D3.<\/p>\n<p> Au\u00dfer Reichweite von Kindern und nicht \u00fcber 25\u00b0 lagern. <\/font><\/span><\/p>\n<table border=\"0\">\n<tbody>\n<tr>\n<td><\/td>\n<td><\/td>\n<td><\/td>\n<\/tr>\n<tr>\n<td><\/td>\n<td><\/td>\n<td><\/td>\n<\/tr>\n<tr>\n<td><\/td>\n<td><\/td>\n<td><\/td>\n<\/tr>\n<tr>\n<td><\/td>\n<td><\/td>\n<td><\/td>\n<\/tr>\n<tr>\n<td><\/td>\n<td><\/td>\n<td><\/td>\n<\/tr>\n<tr>\n<td><\/td>\n<td><\/td>\n<td><\/td>\n<\/tr>\n<tr>\n<td><\/td>\n<td><\/td>\n<td><\/td>\n<\/tr>\n<tr>\n<td><\/td>\n<td><\/td>\n<td><\/td>\n<\/tr>\n<\/tbody>\n<\/table>\n","protected":false},"excerpt":{"rendered":"<p>Calcium ist der wichtigste Mineralstoff im menschlichen Knochen. 99% des im K\u00f6rper vorhandenen Calciums ist in Knochen und Z\u00e4hnen eingebaut, weshalb Calcium die unentbehrliche Bausubstanz f\u00fcr feste Knochen, eine stabile Wirbels\u00e4ule und gesunde Z\u00e4hne ist. Vitamin D f\u00f6rdert die Aufnahme von Calcium in den K\u00f6rper und dessen Einbau in Knochen und Z\u00e4hne. Durch ausgewogene Ern\u00e4hrung, [&hellip;]<\/p>\n","protected":false},"featured_media":11700,"template":"","meta":{"_acf_changed":false},"product_brand":[],"product_cat":[349],"product_tag":[],"class_list":{"0":"post-11698","1":"product","2":"type-product","3":"status-publish","4":"has-post-thumbnail","6":"product_cat-o","7":"pa_packungsgroesse-30-stueck","9":"first","10":"instock","11":"shipping-taxable","12":"purchasable","13":"product-type-simple"},"acf":[],"_links":{"self":[{"href":"https:\/\/www.hirtenberg-apotheke.at\/katalog\/wp-json\/wp\/v2\/product\/11698","targetHints":{"allow":["GET"]}}],"collection":[{"href":"https:\/\/www.hirtenberg-apotheke.at\/katalog\/wp-json\/wp\/v2\/product"}],"about":[{"href":"https:\/\/www.hirtenberg-apotheke.at\/katalog\/wp-json\/wp\/v2\/types\/product"}],"wp:featuredmedia":[{"embeddable":true,"href":"https:\/\/www.hirtenberg-apotheke.at\/katalog\/wp-json\/wp\/v2\/media\/11700"}],"wp:attachment":[{"href":"https:\/\/www.hirtenberg-apotheke.at\/katalog\/wp-json\/wp\/v2\/media?parent=11698"}],"wp:term":[{"taxonomy":"product_brand","embeddable":true,"href":"https:\/\/www.hirtenberg-apotheke.at\/katalog\/wp-json\/wp\/v2\/product_brand?post=11698"},{"taxonomy":"product_cat","embeddable":true,"href":"https:\/\/www.hirtenberg-apotheke.at\/katalog\/wp-json\/wp\/v2\/product_cat?post=11698"},{"taxonomy":"product_tag","embeddable":true,"href":"https:\/\/www.hirtenberg-apotheke.at\/katalog\/wp-json\/wp\/v2\/product_tag?post=11698"}],"curies":[{"name":"wp","href":"https:\/\/api.w.org\/{rel}","templated":true}]}}