{"id":11704,"date":"2025-11-25T14:29:27","date_gmt":"2025-11-25T13:29:27","guid":{"rendered":"https:\/\/www.hirtenberg-apotheke.at\/katalog\/produkt\/metacare-weihrauch-kapseln-60-stk\/"},"modified":"2025-11-25T14:29:49","modified_gmt":"2025-11-25T13:29:49","slug":"metacare-weihrauch-kapseln-60-stk","status":"publish","type":"product","link":"https:\/\/www.hirtenberg-apotheke.at\/katalog\/produkt\/metacare-weihrauch-kapseln-60-stk\/","title":{"rendered":"Metacare Weihrauch Kapseln 60 Stk."},"content":{"rendered":"<p>Metacare Weihrauch Kapseln wirken wohltuend auf Darm und Gelenke, befreien den K\u00f6rper von Giften und dienen zudem zur Reduktion von Entz\u00fcndungen. Weihrauch wird seit dem Altertum zur Bek\u00e4mpfung von Entz\u00fcndungen im K\u00f6rper eingesetzt. Sowohl bei Entz\u00fcndungen der Gelenke als auch der Darmschleimh\u00e4ute und zur Aktivierung der Selbstheilungskr\u00e4fte eignen sich diese Kapseln bestens.<\/p>\n","protected":false},"excerpt":{"rendered":"<p>Metacare Weihrauch Kapseln wirken wohltuend auf Darm und Gelenke, befreien den K\u00f6rper von Giften und dienen zudem zur Reduktion von Entz\u00fcndungen. Weihrauch wird seit dem Altertum zur Bek\u00e4mpfung von Entz\u00fcndungen im K\u00f6rper eingesetzt. Sowohl bei Entz\u00fcndungen der Gelenke als auch der Darmschleimh\u00e4ute und zur Aktivierung der Selbstheilungskr\u00e4fte eignen sich diese Kapseln bestens.<\/p>\n","protected":false},"featured_media":11706,"template":"","meta":{"_acf_changed":false},"product_brand":[],"product_cat":[308],"product_tag":[],"class_list":{"0":"post-11704","1":"product","2":"type-product","3":"status-publish","4":"has-post-thumbnail","6":"product_cat-m","7":"pa_packungsgroesse-60-stueck","9":"first","10":"instock","11":"shipping-taxable","12":"purchasable","13":"product-type-simple"},"acf":[],"_links":{"self":[{"href":"https:\/\/www.hirtenberg-apotheke.at\/katalog\/wp-json\/wp\/v2\/product\/11704","targetHints":{"allow":["GET"]}}],"collection":[{"href":"https:\/\/www.hirtenberg-apotheke.at\/katalog\/wp-json\/wp\/v2\/product"}],"about":[{"href":"https:\/\/www.hirtenberg-apotheke.at\/katalog\/wp-json\/wp\/v2\/types\/product"}],"wp:featuredmedia":[{"embeddable":true,"href":"https:\/\/www.hirtenberg-apotheke.at\/katalog\/wp-json\/wp\/v2\/media\/11706"}],"wp:attachment":[{"href":"https:\/\/www.hirtenberg-apotheke.at\/katalog\/wp-json\/wp\/v2\/media?parent=11704"}],"wp:term":[{"taxonomy":"product_brand","embeddable":true,"href":"https:\/\/www.hirtenberg-apotheke.at\/katalog\/wp-json\/wp\/v2\/product_brand?post=11704"},{"taxonomy":"product_cat","embeddable":true,"href":"https:\/\/www.hirtenberg-apotheke.at\/katalog\/wp-json\/wp\/v2\/product_cat?post=11704"},{"taxonomy":"product_tag","embeddable":true,"href":"https:\/\/www.hirtenberg-apotheke.at\/katalog\/wp-json\/wp\/v2\/product_tag?post=11704"}],"curies":[{"name":"wp","href":"https:\/\/api.w.org\/{rel}","templated":true}]}}