{"id":117616,"date":"2025-12-03T21:57:54","date_gmt":"2025-12-03T20:57:54","guid":{"rendered":"https:\/\/www.hirtenberg-apotheke.at\/katalog\/produkt\/cutimix-schuettelmixtur-suspension-100-g\/"},"modified":"2025-12-03T21:57:56","modified_gmt":"2025-12-03T20:57:56","slug":"cutimix-schuettelmixtur-suspension-100-g","status":"publish","type":"product","link":"https:\/\/www.hirtenberg-apotheke.at\/katalog\/produkt\/cutimix-schuettelmixtur-suspension-100-g\/","title":{"rendered":"Cutimix Sch\u00fcttelmixtur Suspension 100 g"},"content":{"rendered":"<p>Cutimix Sch\u00fcttelmixtur wird angewendet zur Pflege, Austrocknung und K\u00fchlung und wirkt dem Juckreiz entgegen bei oberfl\u00e4chlichen Hautentz\u00fcndungen, bei n\u00e4ssenden Hauterkrankungen, nach zu langem Sonnenbad sowie bei chronischen Ekzemen, Hautausschlag und Nesselausschlag.<\/p>\n","protected":false},"excerpt":{"rendered":"<p>Cutimix Sch\u00fcttelmixtur wird angewendet zur Pflege, Austrocknung und K\u00fchlung und wirkt dem Juckreiz entgegen bei oberfl\u00e4chlichen Hautentz\u00fcndungen, bei n\u00e4ssenden Hauterkrankungen, nach zu langem Sonnenbad sowie bei chronischen Ekzemen, Hautausschlag und Nesselausschlag.<\/p>\n","protected":false},"featured_media":0,"template":"","meta":{"_acf_changed":false},"product_brand":[],"product_cat":[337],"product_tag":[],"class_list":{"0":"post-117616","1":"product","2":"type-product","3":"status-publish","5":"product_cat-c","6":"pa_packungsgroesse-100g","8":"first","9":"instock","10":"shipping-taxable","11":"purchasable","12":"product-type-simple"},"acf":[],"_links":{"self":[{"href":"https:\/\/www.hirtenberg-apotheke.at\/katalog\/wp-json\/wp\/v2\/product\/117616","targetHints":{"allow":["GET"]}}],"collection":[{"href":"https:\/\/www.hirtenberg-apotheke.at\/katalog\/wp-json\/wp\/v2\/product"}],"about":[{"href":"https:\/\/www.hirtenberg-apotheke.at\/katalog\/wp-json\/wp\/v2\/types\/product"}],"wp:attachment":[{"href":"https:\/\/www.hirtenberg-apotheke.at\/katalog\/wp-json\/wp\/v2\/media?parent=117616"}],"wp:term":[{"taxonomy":"product_brand","embeddable":true,"href":"https:\/\/www.hirtenberg-apotheke.at\/katalog\/wp-json\/wp\/v2\/product_brand?post=117616"},{"taxonomy":"product_cat","embeddable":true,"href":"https:\/\/www.hirtenberg-apotheke.at\/katalog\/wp-json\/wp\/v2\/product_cat?post=117616"},{"taxonomy":"product_tag","embeddable":true,"href":"https:\/\/www.hirtenberg-apotheke.at\/katalog\/wp-json\/wp\/v2\/product_tag?post=117616"}],"curies":[{"name":"wp","href":"https:\/\/api.w.org\/{rel}","templated":true}]}}