{"id":117716,"date":"2025-12-03T21:59:54","date_gmt":"2025-12-03T20:59:54","guid":{"rendered":"https:\/\/www.hirtenberg-apotheke.at\/katalog\/produkt\/detia-biotonnen-pulver-500-g\/"},"modified":"2025-12-03T22:00:16","modified_gmt":"2025-12-03T21:00:16","slug":"detia-biotonnen-pulver-500-g","status":"publish","type":"product","link":"https:\/\/www.hirtenberg-apotheke.at\/katalog\/produkt\/detia-biotonnen-pulver-500-g\/","title":{"rendered":"Detia Biotonnen Pulver 500 g"},"content":{"rendered":"<p>Detia Biotonnen Pulver sch\u00fctzt Bio-Abf\u00e4lle vor Maden, Schmei\u00df- und Stubenfliegen und anderem Ungeziefer. Das Pulver ist biologisch abbaubar, kompostierbar, verhindert die Entstehung von Schimmelpilzen und \u00fcberdeckt Ger\u00fcche .<\/p>\n","protected":false},"excerpt":{"rendered":"<p>Detia Biotonnen Pulver sch\u00fctzt Bio-Abf\u00e4lle vor Maden, Schmei\u00df- und Stubenfliegen und anderem Ungeziefer. Das Pulver ist biologisch abbaubar, kompostierbar, verhindert die Entstehung von Schimmelpilzen und \u00fcberdeckt Ger\u00fcche .<\/p>\n","protected":false},"featured_media":117718,"template":"","meta":{"_acf_changed":false},"product_brand":[],"product_cat":[295],"product_tag":[],"class_list":{"0":"post-117716","1":"product","2":"type-product","3":"status-publish","4":"has-post-thumbnail","6":"product_cat-d","7":"pa_packungsgroesse-500g","9":"first","10":"instock","11":"shipping-taxable","12":"purchasable","13":"product-type-simple"},"acf":[],"_links":{"self":[{"href":"https:\/\/www.hirtenberg-apotheke.at\/katalog\/wp-json\/wp\/v2\/product\/117716","targetHints":{"allow":["GET"]}}],"collection":[{"href":"https:\/\/www.hirtenberg-apotheke.at\/katalog\/wp-json\/wp\/v2\/product"}],"about":[{"href":"https:\/\/www.hirtenberg-apotheke.at\/katalog\/wp-json\/wp\/v2\/types\/product"}],"wp:featuredmedia":[{"embeddable":true,"href":"https:\/\/www.hirtenberg-apotheke.at\/katalog\/wp-json\/wp\/v2\/media\/117718"}],"wp:attachment":[{"href":"https:\/\/www.hirtenberg-apotheke.at\/katalog\/wp-json\/wp\/v2\/media?parent=117716"}],"wp:term":[{"taxonomy":"product_brand","embeddable":true,"href":"https:\/\/www.hirtenberg-apotheke.at\/katalog\/wp-json\/wp\/v2\/product_brand?post=117716"},{"taxonomy":"product_cat","embeddable":true,"href":"https:\/\/www.hirtenberg-apotheke.at\/katalog\/wp-json\/wp\/v2\/product_cat?post=117716"},{"taxonomy":"product_tag","embeddable":true,"href":"https:\/\/www.hirtenberg-apotheke.at\/katalog\/wp-json\/wp\/v2\/product_tag?post=117716"}],"curies":[{"name":"wp","href":"https:\/\/api.w.org\/{rel}","templated":true}]}}