{"id":118779,"date":"2025-12-03T22:25:08","date_gmt":"2025-12-03T21:25:08","guid":{"rendered":"https:\/\/www.hirtenberg-apotheke.at\/katalog\/produkt\/lohmann-rauscher-cellona-hartgipsbinde-1-stk-2-m-x-10-cm\/"},"modified":"2025-12-03T22:25:11","modified_gmt":"2025-12-03T21:25:11","slug":"lohmann-rauscher-cellona-hartgipsbinde-1-stk-2-m-x-10-cm","status":"publish","type":"product","link":"https:\/\/www.hirtenberg-apotheke.at\/katalog\/produkt\/lohmann-rauscher-cellona-hartgipsbinde-1-stk-2-m-x-10-cm\/","title":{"rendered":"Lohmann &#038; Rauscher Cellona Hartgipsbinde  1 Stk. 2 m x 10 cm"},"content":{"rendered":"<p>Lohmann &#038; Rauscher Cellona\u00ae Gipsbinden erm\u00f6glichen eine zeitsparende Anwendung und eine einfache Anpassung an die entscheidende K\u00f6rperstelle. Sie besitzen eine verh\u00e4ltnism\u00e4\u00dfig kurze Tauchdauer und erm\u00f6glichen eine schnelle Durchfeuchtung.<\/p>\n","protected":false},"excerpt":{"rendered":"<p>Lohmann &#038; Rauscher Cellona\u00ae Gipsbinden erm\u00f6glichen eine zeitsparende Anwendung und eine einfache Anpassung an die entscheidende K\u00f6rperstelle. Sie besitzen eine verh\u00e4ltnism\u00e4\u00dfig kurze Tauchdauer und erm\u00f6glichen eine schnelle Durchfeuchtung.<\/p>\n","protected":false},"featured_media":0,"template":"","meta":{"_acf_changed":false},"product_brand":[],"product_cat":[317],"product_tag":[],"class_list":{"0":"post-118779","1":"product","2":"type-product","3":"status-publish","5":"product_cat-l","6":"pa_packungsgroesse-1-stueck","8":"first","9":"instock","10":"shipping-taxable","11":"purchasable","12":"product-type-simple"},"acf":[],"_links":{"self":[{"href":"https:\/\/www.hirtenberg-apotheke.at\/katalog\/wp-json\/wp\/v2\/product\/118779","targetHints":{"allow":["GET"]}}],"collection":[{"href":"https:\/\/www.hirtenberg-apotheke.at\/katalog\/wp-json\/wp\/v2\/product"}],"about":[{"href":"https:\/\/www.hirtenberg-apotheke.at\/katalog\/wp-json\/wp\/v2\/types\/product"}],"wp:attachment":[{"href":"https:\/\/www.hirtenberg-apotheke.at\/katalog\/wp-json\/wp\/v2\/media?parent=118779"}],"wp:term":[{"taxonomy":"product_brand","embeddable":true,"href":"https:\/\/www.hirtenberg-apotheke.at\/katalog\/wp-json\/wp\/v2\/product_brand?post=118779"},{"taxonomy":"product_cat","embeddable":true,"href":"https:\/\/www.hirtenberg-apotheke.at\/katalog\/wp-json\/wp\/v2\/product_cat?post=118779"},{"taxonomy":"product_tag","embeddable":true,"href":"https:\/\/www.hirtenberg-apotheke.at\/katalog\/wp-json\/wp\/v2\/product_tag?post=118779"}],"curies":[{"name":"wp","href":"https:\/\/api.w.org\/{rel}","templated":true}]}}