{"id":119045,"date":"2025-12-03T22:31:04","date_gmt":"2025-12-03T21:31:04","guid":{"rendered":"https:\/\/www.hirtenberg-apotheke.at\/katalog\/produkt\/dr-hauschka-lipstick-41-g-07-orpine\/"},"modified":"2025-12-03T22:31:06","modified_gmt":"2025-12-03T21:31:06","slug":"dr-hauschka-lipstick-41-g-07-orpine","status":"publish","type":"product","link":"https:\/\/www.hirtenberg-apotheke.at\/katalog\/produkt\/dr-hauschka-lipstick-41-g-07-orpine\/","title":{"rendered":"Dr. Hauschka Lipstick 4,1 g 07 Orpine"},"content":{"rendered":"<p>Dr. Hauschka Lipstick wird Ihr pers\u00f6hnliches Lippengeheimnis mit einer intensiven Farbe und zartem Glanz. Zus\u00e4tzlich wirkt der Lippenstift pflegend mit Mineralpigmenten und Heilpflanzenausz\u00fcgen.<\/p>\n","protected":false},"excerpt":{"rendered":"<p>Dr. Hauschka Lipstick wird Ihr pers\u00f6hnliches Lippengeheimnis mit einer intensiven Farbe und zartem Glanz. Zus\u00e4tzlich wirkt der Lippenstift pflegend mit Mineralpigmenten und Heilpflanzenausz\u00fcgen.<\/p>\n","protected":false},"featured_media":0,"template":"","meta":{"_acf_changed":false},"product_brand":[728],"product_cat":[295],"product_tag":[],"class_list":{"0":"post-119045","1":"product","2":"type-product","3":"status-publish","5":"product_brand-hauschka","6":"product_cat-d","7":"pa_packungsgroesse-1-stueck","9":"first","10":"instock","11":"shipping-taxable","12":"purchasable","13":"product-type-simple"},"acf":[],"_links":{"self":[{"href":"https:\/\/www.hirtenberg-apotheke.at\/katalog\/wp-json\/wp\/v2\/product\/119045","targetHints":{"allow":["GET"]}}],"collection":[{"href":"https:\/\/www.hirtenberg-apotheke.at\/katalog\/wp-json\/wp\/v2\/product"}],"about":[{"href":"https:\/\/www.hirtenberg-apotheke.at\/katalog\/wp-json\/wp\/v2\/types\/product"}],"wp:attachment":[{"href":"https:\/\/www.hirtenberg-apotheke.at\/katalog\/wp-json\/wp\/v2\/media?parent=119045"}],"wp:term":[{"taxonomy":"product_brand","embeddable":true,"href":"https:\/\/www.hirtenberg-apotheke.at\/katalog\/wp-json\/wp\/v2\/product_brand?post=119045"},{"taxonomy":"product_cat","embeddable":true,"href":"https:\/\/www.hirtenberg-apotheke.at\/katalog\/wp-json\/wp\/v2\/product_cat?post=119045"},{"taxonomy":"product_tag","embeddable":true,"href":"https:\/\/www.hirtenberg-apotheke.at\/katalog\/wp-json\/wp\/v2\/product_tag?post=119045"}],"curies":[{"name":"wp","href":"https:\/\/api.w.org\/{rel}","templated":true}]}}