{"id":119116,"date":"2025-12-03T23:03:55","date_gmt":"2025-12-03T22:03:55","guid":{"rendered":"https:\/\/www.hirtenberg-apotheke.at\/katalog\/produkt\/biofit-hildegard-lexikon-kl-1-stk\/"},"modified":"2025-12-03T23:04:12","modified_gmt":"2025-12-03T22:04:12","slug":"biofit-hildegard-lexikon-kl-1-stk","status":"publish","type":"product","link":"https:\/\/www.hirtenberg-apotheke.at\/katalog\/produkt\/biofit-hildegard-lexikon-kl-1-stk\/","title":{"rendered":"Biofit Hildegard Lexikon KL 1 Stk."},"content":{"rendered":"<p>Biofit Hildegard Lexikon KL ist das aktuellste Nachschlagewerk \u00fcber die Anwendungen nach Hildegard von Bingen. Viele Erfahrungswerte, farbige Pflanzenabbildungen und ausf\u00fchrliche Beschreibungen von \u00fcber 180 Hildegard-Anwendungen machen diesen informativen Helfer aus. S\u00e4mtliche Anwendungen sind in alphabetischer Reihenfolge angef\u00fchrt.<\/p>\n","protected":false},"excerpt":{"rendered":"<p>Biofit Hildegard Lexikon KL ist das aktuellste Nachschlagewerk \u00fcber die Anwendungen nach Hildegard von Bingen. Viele Erfahrungswerte, farbige Pflanzenabbildungen und ausf\u00fchrliche Beschreibungen von \u00fcber 180 Hildegard-Anwendungen machen diesen informativen Helfer aus. S\u00e4mtliche Anwendungen sind in alphabetischer Reihenfolge angef\u00fchrt.<\/p>\n","protected":false},"featured_media":119118,"template":"","meta":{"_acf_changed":false},"product_brand":[],"product_cat":[292],"product_tag":[],"class_list":{"0":"post-119116","1":"product","2":"type-product","3":"status-publish","4":"has-post-thumbnail","6":"product_cat-b","7":"pa_packungsgroesse-1-stueck","9":"first","10":"instock","11":"shipping-taxable","12":"purchasable","13":"product-type-simple"},"acf":[],"_links":{"self":[{"href":"https:\/\/www.hirtenberg-apotheke.at\/katalog\/wp-json\/wp\/v2\/product\/119116","targetHints":{"allow":["GET"]}}],"collection":[{"href":"https:\/\/www.hirtenberg-apotheke.at\/katalog\/wp-json\/wp\/v2\/product"}],"about":[{"href":"https:\/\/www.hirtenberg-apotheke.at\/katalog\/wp-json\/wp\/v2\/types\/product"}],"wp:featuredmedia":[{"embeddable":true,"href":"https:\/\/www.hirtenberg-apotheke.at\/katalog\/wp-json\/wp\/v2\/media\/119118"}],"wp:attachment":[{"href":"https:\/\/www.hirtenberg-apotheke.at\/katalog\/wp-json\/wp\/v2\/media?parent=119116"}],"wp:term":[{"taxonomy":"product_brand","embeddable":true,"href":"https:\/\/www.hirtenberg-apotheke.at\/katalog\/wp-json\/wp\/v2\/product_brand?post=119116"},{"taxonomy":"product_cat","embeddable":true,"href":"https:\/\/www.hirtenberg-apotheke.at\/katalog\/wp-json\/wp\/v2\/product_cat?post=119116"},{"taxonomy":"product_tag","embeddable":true,"href":"https:\/\/www.hirtenberg-apotheke.at\/katalog\/wp-json\/wp\/v2\/product_tag?post=119116"}],"curies":[{"name":"wp","href":"https:\/\/api.w.org\/{rel}","templated":true}]}}