{"id":119129,"date":"2025-12-03T23:04:11","date_gmt":"2025-12-03T22:04:11","guid":{"rendered":"https:\/\/www.hirtenberg-apotheke.at\/katalog\/produkt\/biofit-hildegard-lilien-creme-50-ml\/"},"modified":"2025-12-03T23:05:05","modified_gmt":"2025-12-03T22:05:05","slug":"biofit-hildegard-lilien-creme-50-ml","status":"publish","type":"product","link":"https:\/\/www.hirtenberg-apotheke.at\/katalog\/produkt\/biofit-hildegard-lilien-creme-50-ml\/","title":{"rendered":"Biofit Hildegard Lilien Creme 50 ml"},"content":{"rendered":"<p>Biofit Hildegard Lilien Creme besteht aus kaltgepressten Pflanzen\u00f6len wie Oliven\u00f6l, Mandel\u00f6l, Avocado\u00f6l, Jojoba\u00f6l, pflanzlichem Wachs wie Sheabutter sowie hochwertigem Lecithin. Diese Kombination an Aktivpflegesubstanzen harmonisiert den Feuchtigkeitshaushalt der Haut, wodurch die strapazierte Haut ihr nat\u00fcrliches Gleichgewicht zur\u00fcckerlangen kann.<\/p>\n","protected":false},"excerpt":{"rendered":"<p>Biofit Hildegard Lilien Creme besteht aus kaltgepressten Pflanzen\u00f6len wie Oliven\u00f6l, Mandel\u00f6l, Avocado\u00f6l, Jojoba\u00f6l, pflanzlichem Wachs wie Sheabutter sowie hochwertigem Lecithin. Diese Kombination an Aktivpflegesubstanzen harmonisiert den Feuchtigkeitshaushalt der Haut, wodurch die strapazierte Haut ihr nat\u00fcrliches Gleichgewicht zur\u00fcckerlangen kann.<\/p>\n","protected":false},"featured_media":119131,"template":"","meta":{"_acf_changed":false},"product_brand":[],"product_cat":[292],"product_tag":[],"class_list":{"0":"post-119129","1":"product","2":"type-product","3":"status-publish","4":"has-post-thumbnail","6":"product_cat-b","7":"pa_packungsgroesse-50ml","9":"first","10":"instock","11":"shipping-taxable","12":"purchasable","13":"product-type-simple"},"acf":[],"_links":{"self":[{"href":"https:\/\/www.hirtenberg-apotheke.at\/katalog\/wp-json\/wp\/v2\/product\/119129","targetHints":{"allow":["GET"]}}],"collection":[{"href":"https:\/\/www.hirtenberg-apotheke.at\/katalog\/wp-json\/wp\/v2\/product"}],"about":[{"href":"https:\/\/www.hirtenberg-apotheke.at\/katalog\/wp-json\/wp\/v2\/types\/product"}],"wp:featuredmedia":[{"embeddable":true,"href":"https:\/\/www.hirtenberg-apotheke.at\/katalog\/wp-json\/wp\/v2\/media\/119131"}],"wp:attachment":[{"href":"https:\/\/www.hirtenberg-apotheke.at\/katalog\/wp-json\/wp\/v2\/media?parent=119129"}],"wp:term":[{"taxonomy":"product_brand","embeddable":true,"href":"https:\/\/www.hirtenberg-apotheke.at\/katalog\/wp-json\/wp\/v2\/product_brand?post=119129"},{"taxonomy":"product_cat","embeddable":true,"href":"https:\/\/www.hirtenberg-apotheke.at\/katalog\/wp-json\/wp\/v2\/product_cat?post=119129"},{"taxonomy":"product_tag","embeddable":true,"href":"https:\/\/www.hirtenberg-apotheke.at\/katalog\/wp-json\/wp\/v2\/product_tag?post=119129"}],"curies":[{"name":"wp","href":"https:\/\/api.w.org\/{rel}","templated":true}]}}