{"id":119140,"date":"2025-12-03T23:05:08","date_gmt":"2025-12-03T22:05:08","guid":{"rendered":"https:\/\/www.hirtenberg-apotheke.at\/katalog\/produkt\/biofit-hildegard-veilchen-oel-50-ml\/"},"modified":"2025-12-03T23:05:35","modified_gmt":"2025-12-03T22:05:35","slug":"biofit-hildegard-veilchen-oel-50-ml","status":"publish","type":"product","link":"https:\/\/www.hirtenberg-apotheke.at\/katalog\/produkt\/biofit-hildegard-veilchen-oel-50-ml\/","title":{"rendered":"Biofit Hildegard Veilchen \u00d6l 50 ml"},"content":{"rendered":"<p>Biofit Hildegard Veilchen \u00d6l ist eine Kombination aus wertvollem Oliven\u00f6l und naturbelassenen Veilchenbl\u00fcten, welches ein wesentliches Merkmal f\u00fcr das Veilchen\u00f6l nach Hildegard von Bingen ist. Das angenehm duftende \u00d6l eignet sich f\u00fcr entspannende Massagen sowie zur intensiven Hautpflege.<\/p>\n","protected":false},"excerpt":{"rendered":"<p>Biofit Hildegard Veilchen \u00d6l ist eine Kombination aus wertvollem Oliven\u00f6l und naturbelassenen Veilchenbl\u00fcten, welches ein wesentliches Merkmal f\u00fcr das Veilchen\u00f6l nach Hildegard von Bingen ist. Das angenehm duftende \u00d6l eignet sich f\u00fcr entspannende Massagen sowie zur intensiven Hautpflege.<\/p>\n","protected":false},"featured_media":119142,"template":"","meta":{"_acf_changed":false},"product_brand":[],"product_cat":[292],"product_tag":[],"class_list":{"0":"post-119140","1":"product","2":"type-product","3":"status-publish","4":"has-post-thumbnail","6":"product_cat-b","7":"pa_packungsgroesse-50ml","9":"first","10":"instock","11":"shipping-taxable","12":"purchasable","13":"product-type-simple"},"acf":[],"_links":{"self":[{"href":"https:\/\/www.hirtenberg-apotheke.at\/katalog\/wp-json\/wp\/v2\/product\/119140","targetHints":{"allow":["GET"]}}],"collection":[{"href":"https:\/\/www.hirtenberg-apotheke.at\/katalog\/wp-json\/wp\/v2\/product"}],"about":[{"href":"https:\/\/www.hirtenberg-apotheke.at\/katalog\/wp-json\/wp\/v2\/types\/product"}],"wp:featuredmedia":[{"embeddable":true,"href":"https:\/\/www.hirtenberg-apotheke.at\/katalog\/wp-json\/wp\/v2\/media\/119142"}],"wp:attachment":[{"href":"https:\/\/www.hirtenberg-apotheke.at\/katalog\/wp-json\/wp\/v2\/media?parent=119140"}],"wp:term":[{"taxonomy":"product_brand","embeddable":true,"href":"https:\/\/www.hirtenberg-apotheke.at\/katalog\/wp-json\/wp\/v2\/product_brand?post=119140"},{"taxonomy":"product_cat","embeddable":true,"href":"https:\/\/www.hirtenberg-apotheke.at\/katalog\/wp-json\/wp\/v2\/product_cat?post=119140"},{"taxonomy":"product_tag","embeddable":true,"href":"https:\/\/www.hirtenberg-apotheke.at\/katalog\/wp-json\/wp\/v2\/product_tag?post=119140"}],"curies":[{"name":"wp","href":"https:\/\/api.w.org\/{rel}","templated":true}]}}