{"id":119167,"date":"2025-12-03T23:05:45","date_gmt":"2025-12-03T22:05:45","guid":{"rendered":"https:\/\/www.hirtenberg-apotheke.at\/katalog\/produkt\/himmlische-duefte-raumspray-50-ml\/"},"modified":"2025-12-03T23:05:47","modified_gmt":"2025-12-03T22:05:47","slug":"himmlische-duefte-raumspray-50-ml","status":"publish","type":"product","link":"https:\/\/www.hirtenberg-apotheke.at\/katalog\/produkt\/himmlische-duefte-raumspray-50-ml\/","title":{"rendered":"Himmlische D\u00fcfte Raumspray 50 ml"},"content":{"rendered":"<p>Himmlische D\u00fcfte Raumspray ist eine beliebte Mischung vor allem in der kalten Jahreszeit, wenn die Schnupfen- und Grippesaison vor der T\u00fcre steht. Der Spray wirkt auf nat\u00fcrliche Art luftreinigend, desinfizierend und kann so vor Ansteckung sch\u00fctzen.<\/p>\n","protected":false},"excerpt":{"rendered":"<p>Himmlische D\u00fcfte Raumspray ist eine beliebte Mischung vor allem in der kalten Jahreszeit, wenn die Schnupfen- und Grippesaison vor der T\u00fcre steht. Der Spray wirkt auf nat\u00fcrliche Art luftreinigend, desinfizierend und kann so vor Ansteckung sch\u00fctzen.<\/p>\n","protected":false},"featured_media":0,"template":"","meta":{"_acf_changed":false},"product_brand":[],"product_cat":[330],"product_tag":[],"class_list":{"0":"post-119167","1":"product","2":"type-product","3":"status-publish","5":"product_cat-h","6":"pa_packungsgroesse-50ml","8":"first","9":"instock","10":"shipping-taxable","11":"purchasable","12":"product-type-simple"},"acf":[],"_links":{"self":[{"href":"https:\/\/www.hirtenberg-apotheke.at\/katalog\/wp-json\/wp\/v2\/product\/119167","targetHints":{"allow":["GET"]}}],"collection":[{"href":"https:\/\/www.hirtenberg-apotheke.at\/katalog\/wp-json\/wp\/v2\/product"}],"about":[{"href":"https:\/\/www.hirtenberg-apotheke.at\/katalog\/wp-json\/wp\/v2\/types\/product"}],"wp:attachment":[{"href":"https:\/\/www.hirtenberg-apotheke.at\/katalog\/wp-json\/wp\/v2\/media?parent=119167"}],"wp:term":[{"taxonomy":"product_brand","embeddable":true,"href":"https:\/\/www.hirtenberg-apotheke.at\/katalog\/wp-json\/wp\/v2\/product_brand?post=119167"},{"taxonomy":"product_cat","embeddable":true,"href":"https:\/\/www.hirtenberg-apotheke.at\/katalog\/wp-json\/wp\/v2\/product_cat?post=119167"},{"taxonomy":"product_tag","embeddable":true,"href":"https:\/\/www.hirtenberg-apotheke.at\/katalog\/wp-json\/wp\/v2\/product_tag?post=119167"}],"curies":[{"name":"wp","href":"https:\/\/api.w.org\/{rel}","templated":true}]}}