{"id":11946,"date":"2025-11-25T14:32:43","date_gmt":"2025-11-25T13:32:43","guid":{"rendered":"https:\/\/www.hirtenberg-apotheke.at\/katalog\/produkt\/glycin-500mg-kapseln\/"},"modified":"2025-11-25T14:33:14","modified_gmt":"2025-11-25T13:33:14","slug":"glycin-500mg-kapseln","status":"publish","type":"product","link":"https:\/\/www.hirtenberg-apotheke.at\/katalog\/produkt\/glycin-500mg-kapseln\/","title":{"rendered":"Glycin 500mg Kapseln"},"content":{"rendered":"<p>Gall Pharma Glycin 500 mg Kapseln enthalten 500 mg Glycin in einer Hartgelatinekapsel. Glycin hat Bedeutung bei der F\u00f6rderung der Wundheilung, stellt defektes Gewebe wieder her, beispielsweise bei schweren k\u00f6rperlichen Sch\u00e4den, Brandwunden oder Sportverletzungen.<\/p>\n","protected":false},"excerpt":{"rendered":"<p>Gall Pharma Glycin 500 mg Kapseln enthalten 500 mg Glycin in einer Hartgelatinekapsel. Glycin hat Bedeutung bei der F\u00f6rderung der Wundheilung, stellt defektes Gewebe wieder her, beispielsweise bei schweren k\u00f6rperlichen Sch\u00e4den, Brandwunden oder Sportverletzungen.<\/p>\n","protected":false},"featured_media":11948,"template":"","meta":{"_acf_changed":false},"product_brand":[316],"product_cat":[328],"product_tag":[],"class_list":{"0":"post-11946","1":"product","2":"type-product","3":"status-publish","4":"has-post-thumbnail","6":"product_brand-gall-pharma","7":"product_cat-g","8":"pa_packungsgroesse-60-stueck","10":"first","11":"instock","12":"shipping-taxable","13":"purchasable","14":"product-type-simple"},"acf":[],"_links":{"self":[{"href":"https:\/\/www.hirtenberg-apotheke.at\/katalog\/wp-json\/wp\/v2\/product\/11946","targetHints":{"allow":["GET"]}}],"collection":[{"href":"https:\/\/www.hirtenberg-apotheke.at\/katalog\/wp-json\/wp\/v2\/product"}],"about":[{"href":"https:\/\/www.hirtenberg-apotheke.at\/katalog\/wp-json\/wp\/v2\/types\/product"}],"wp:featuredmedia":[{"embeddable":true,"href":"https:\/\/www.hirtenberg-apotheke.at\/katalog\/wp-json\/wp\/v2\/media\/11948"}],"wp:attachment":[{"href":"https:\/\/www.hirtenberg-apotheke.at\/katalog\/wp-json\/wp\/v2\/media?parent=11946"}],"wp:term":[{"taxonomy":"product_brand","embeddable":true,"href":"https:\/\/www.hirtenberg-apotheke.at\/katalog\/wp-json\/wp\/v2\/product_brand?post=11946"},{"taxonomy":"product_cat","embeddable":true,"href":"https:\/\/www.hirtenberg-apotheke.at\/katalog\/wp-json\/wp\/v2\/product_cat?post=11946"},{"taxonomy":"product_tag","embeddable":true,"href":"https:\/\/www.hirtenberg-apotheke.at\/katalog\/wp-json\/wp\/v2\/product_tag?post=11946"}],"curies":[{"name":"wp","href":"https:\/\/api.w.org\/{rel}","templated":true}]}}