{"id":119526,"date":"2025-12-03T23:10:54","date_gmt":"2025-12-03T22:10:54","guid":{"rendered":"https:\/\/www.hirtenberg-apotheke.at\/katalog\/produkt\/st-severin-kastanienblaetter-tropfen\/"},"modified":"2025-12-03T23:11:19","modified_gmt":"2025-12-03T22:11:19","slug":"st-severin-kastanienblaetter-tropfen","status":"publish","type":"product","link":"https:\/\/www.hirtenberg-apotheke.at\/katalog\/produkt\/st-severin-kastanienblaetter-tropfen\/","title":{"rendered":"St. Severin Kastanienbl\u00e4tter Tropfen"},"content":{"rendered":"<p>Produktbeschreibung: Bei Bedarf 2 &#8211; 3 x 10 &#8211; 20 Tropfen verd\u00fcnnt mit einem Glas Wasser einnehmen. Die Echte Kastanie ist weiters auch noch unter den Namen Esskastanie, Marone oder Edelkastanie bekannt. Bereits Hildegard von Bingen sch\u00e4tzte die positive Wirkung der Edelkastanie. Den Kastanienbl\u00e4ttern werden entz\u00fcndungs-hemmende und antithrombotische Eigenschaften nachgesagt. Sie werden vor allem bei Beinvenenthrombosen und Venenentz\u00fcndungen verwendet.<\/p>\n<p>Zusammensetzung: Kastanienbl\u00e4ttertropfen enthalten einen hochwertigen w\u00e4ssrig\/alkoholischenAuszug aus Kastanienbl\u00e4ttern. Der Auszug wird nach Vorgaben des Arzneibuches im Verh\u00e4ltnis 1:5 hergestellt. Alkoholgehalt: 66 % Vol<\/p>\n","protected":false},"excerpt":{"rendered":"<p>Produktbeschreibung: Bei Bedarf 2 &#8211; 3 x 10 &#8211; 20 Tropfen verd\u00fcnnt mit einem Glas Wasser einnehmen. Die Echte Kastanie ist weiters auch noch unter den Namen Esskastanie, Marone oder Edelkastanie bekannt. Bereits Hildegard von Bingen sch\u00e4tzte die positive Wirkung der Edelkastanie. Den Kastanienbl\u00e4ttern werden entz\u00fcndungs-hemmende und antithrombotische Eigenschaften nachgesagt. Sie werden vor allem bei [&hellip;]<\/p>\n","protected":false},"featured_media":119528,"template":"","meta":{"_acf_changed":false},"product_brand":[411],"product_cat":[303],"product_tag":[],"class_list":{"0":"post-119526","1":"product","2":"type-product","3":"status-publish","4":"has-post-thumbnail","6":"product_brand-st-severin","7":"product_cat-s","8":"pa_packungsgroesse-50ml","10":"first","11":"instock","12":"shipping-taxable","13":"purchasable","14":"product-type-simple"},"acf":[],"_links":{"self":[{"href":"https:\/\/www.hirtenberg-apotheke.at\/katalog\/wp-json\/wp\/v2\/product\/119526","targetHints":{"allow":["GET"]}}],"collection":[{"href":"https:\/\/www.hirtenberg-apotheke.at\/katalog\/wp-json\/wp\/v2\/product"}],"about":[{"href":"https:\/\/www.hirtenberg-apotheke.at\/katalog\/wp-json\/wp\/v2\/types\/product"}],"wp:featuredmedia":[{"embeddable":true,"href":"https:\/\/www.hirtenberg-apotheke.at\/katalog\/wp-json\/wp\/v2\/media\/119528"}],"wp:attachment":[{"href":"https:\/\/www.hirtenberg-apotheke.at\/katalog\/wp-json\/wp\/v2\/media?parent=119526"}],"wp:term":[{"taxonomy":"product_brand","embeddable":true,"href":"https:\/\/www.hirtenberg-apotheke.at\/katalog\/wp-json\/wp\/v2\/product_brand?post=119526"},{"taxonomy":"product_cat","embeddable":true,"href":"https:\/\/www.hirtenberg-apotheke.at\/katalog\/wp-json\/wp\/v2\/product_cat?post=119526"},{"taxonomy":"product_tag","embeddable":true,"href":"https:\/\/www.hirtenberg-apotheke.at\/katalog\/wp-json\/wp\/v2\/product_tag?post=119526"}],"curies":[{"name":"wp","href":"https:\/\/api.w.org\/{rel}","templated":true}]}}