{"id":119620,"date":"2025-12-03T23:12:15","date_gmt":"2025-12-03T22:12:15","guid":{"rendered":"https:\/\/www.hirtenberg-apotheke.at\/katalog\/produkt\/kneipp-massageoel-glueckliche-auszeit-100-ml\/"},"modified":"2025-12-03T23:12:19","modified_gmt":"2025-12-03T22:12:19","slug":"kneipp-massageoel-glueckliche-auszeit-100-ml","status":"publish","type":"product","link":"https:\/\/www.hirtenberg-apotheke.at\/katalog\/produkt\/kneipp-massageoel-glueckliche-auszeit-100-ml\/","title":{"rendered":"Kneipp Massage\u00f6l Gl\u00fcckliche Auszeit 100 ml"},"content":{"rendered":"<p>Kneipp Massage\u00f6l Gl\u00fcckliche Auszeit 100 ml mit nat\u00fcrlichen \u00d6len aus Rotem Mohn und Hanf schenkt Ihnen Wohlbefinden und sch\u00f6ne Momente. Der stimmungsvoll heitere Duft entspannt K\u00f6rper und Geist bei Stress und Anspannung im Alltag. Das Kneipp\u00ae Massage\u00f6l Gl\u00fcckliche Auszeit l\u00e4sst sich leicht verteilen, zieht langsam ein und verstr\u00f6mt sein stimmungsvoll-heiteres Aroma durch die freigesetzte W\u00e4rme bei der Massage besonders intensiv.<\/p>\n","protected":false},"excerpt":{"rendered":"<p>Kneipp Massage\u00f6l Gl\u00fcckliche Auszeit 100 ml mit nat\u00fcrlichen \u00d6len aus Rotem Mohn und Hanf schenkt Ihnen Wohlbefinden und sch\u00f6ne Momente. Der stimmungsvoll heitere Duft entspannt K\u00f6rper und Geist bei Stress und Anspannung im Alltag. Das Kneipp\u00ae Massage\u00f6l Gl\u00fcckliche Auszeit l\u00e4sst sich leicht verteilen, zieht langsam ein und verstr\u00f6mt sein stimmungsvoll-heiteres Aroma durch die freigesetzte W\u00e4rme [&hellip;]<\/p>\n","protected":false},"featured_media":0,"template":"","meta":{"_acf_changed":false},"product_brand":[680],"product_cat":[387],"product_tag":[],"class_list":{"0":"post-119620","1":"product","2":"type-product","3":"status-publish","5":"product_brand-kneipp","6":"product_cat-k","7":"pa_packungsgroesse-100ml","9":"first","10":"instock","11":"shipping-taxable","12":"purchasable","13":"product-type-simple"},"acf":[],"_links":{"self":[{"href":"https:\/\/www.hirtenberg-apotheke.at\/katalog\/wp-json\/wp\/v2\/product\/119620","targetHints":{"allow":["GET"]}}],"collection":[{"href":"https:\/\/www.hirtenberg-apotheke.at\/katalog\/wp-json\/wp\/v2\/product"}],"about":[{"href":"https:\/\/www.hirtenberg-apotheke.at\/katalog\/wp-json\/wp\/v2\/types\/product"}],"wp:attachment":[{"href":"https:\/\/www.hirtenberg-apotheke.at\/katalog\/wp-json\/wp\/v2\/media?parent=119620"}],"wp:term":[{"taxonomy":"product_brand","embeddable":true,"href":"https:\/\/www.hirtenberg-apotheke.at\/katalog\/wp-json\/wp\/v2\/product_brand?post=119620"},{"taxonomy":"product_cat","embeddable":true,"href":"https:\/\/www.hirtenberg-apotheke.at\/katalog\/wp-json\/wp\/v2\/product_cat?post=119620"},{"taxonomy":"product_tag","embeddable":true,"href":"https:\/\/www.hirtenberg-apotheke.at\/katalog\/wp-json\/wp\/v2\/product_tag?post=119620"}],"curies":[{"name":"wp","href":"https:\/\/api.w.org\/{rel}","templated":true}]}}