{"id":11989,"date":"2025-11-25T14:33:22","date_gmt":"2025-11-25T13:33:22","guid":{"rendered":"https:\/\/www.hirtenberg-apotheke.at\/katalog\/produkt\/life-light-osteo-pro-aktiv-kapseln-90-stk\/"},"modified":"2025-11-25T14:33:49","modified_gmt":"2025-11-25T13:33:49","slug":"life-light-osteo-pro-aktiv-kapseln-90-stk","status":"publish","type":"product","link":"https:\/\/www.hirtenberg-apotheke.at\/katalog\/produkt\/life-light-osteo-pro-aktiv-kapseln-90-stk\/","title":{"rendered":"Life Light Osteo Pro Aktiv Kapseln 90 Stk."},"content":{"rendered":"<p>Life Light Osteo Pro Aktiv Kapseln sind ein hochwertiger Mikron\u00e4hrstoffkomplex f\u00fcr unseren R\u00fccken. Das enthaltene Magnesium, Calcium tragen sowie die Vitamine D und K zur Erhaltung normaler Wirbelknochen und zur normalen Funktion der R\u00fcckenmuskulatur bei. Zus\u00e4tzlich tragen die Spurenelemente Mangan zur Bildung und Kupfer zur Erhaltung von normalem Bindegewebe im R\u00fcckenbereich bei -.<\/p>\n","protected":false},"excerpt":{"rendered":"<p>Life Light Osteo Pro Aktiv Kapseln sind ein hochwertiger Mikron\u00e4hrstoffkomplex f\u00fcr unseren R\u00fccken. Das enthaltene Magnesium, Calcium tragen sowie die Vitamine D und K zur Erhaltung normaler Wirbelknochen und zur normalen Funktion der R\u00fcckenmuskulatur bei. Zus\u00e4tzlich tragen die Spurenelemente Mangan zur Bildung und Kupfer zur Erhaltung von normalem Bindegewebe im R\u00fcckenbereich bei -.<\/p>\n","protected":false},"featured_media":11991,"template":"","meta":{"_acf_changed":false},"product_brand":[],"product_cat":[317],"product_tag":[],"class_list":{"0":"post-11989","1":"product","2":"type-product","3":"status-publish","4":"has-post-thumbnail","6":"product_cat-l","7":"pa_packungsgroesse-90-stueck","9":"first","10":"instock","11":"shipping-taxable","12":"purchasable","13":"product-type-simple"},"acf":[],"_links":{"self":[{"href":"https:\/\/www.hirtenberg-apotheke.at\/katalog\/wp-json\/wp\/v2\/product\/11989","targetHints":{"allow":["GET"]}}],"collection":[{"href":"https:\/\/www.hirtenberg-apotheke.at\/katalog\/wp-json\/wp\/v2\/product"}],"about":[{"href":"https:\/\/www.hirtenberg-apotheke.at\/katalog\/wp-json\/wp\/v2\/types\/product"}],"wp:featuredmedia":[{"embeddable":true,"href":"https:\/\/www.hirtenberg-apotheke.at\/katalog\/wp-json\/wp\/v2\/media\/11991"}],"wp:attachment":[{"href":"https:\/\/www.hirtenberg-apotheke.at\/katalog\/wp-json\/wp\/v2\/media?parent=11989"}],"wp:term":[{"taxonomy":"product_brand","embeddable":true,"href":"https:\/\/www.hirtenberg-apotheke.at\/katalog\/wp-json\/wp\/v2\/product_brand?post=11989"},{"taxonomy":"product_cat","embeddable":true,"href":"https:\/\/www.hirtenberg-apotheke.at\/katalog\/wp-json\/wp\/v2\/product_cat?post=11989"},{"taxonomy":"product_tag","embeddable":true,"href":"https:\/\/www.hirtenberg-apotheke.at\/katalog\/wp-json\/wp\/v2\/product_tag?post=11989"}],"curies":[{"name":"wp","href":"https:\/\/api.w.org\/{rel}","templated":true}]}}