{"id":12122,"date":"2025-11-25T14:35:27","date_gmt":"2025-11-25T13:35:27","guid":{"rendered":"https:\/\/www.hirtenberg-apotheke.at\/katalog\/produkt\/msm-500-mg-optimum-quality-kapseln-60-stk\/"},"modified":"2025-11-25T14:35:36","modified_gmt":"2025-11-25T13:35:36","slug":"msm-500-mg-optimum-quality-kapseln-60-stk","status":"publish","type":"product","link":"https:\/\/www.hirtenberg-apotheke.at\/katalog\/produkt\/msm-500-mg-optimum-quality-kapseln-60-stk\/","title":{"rendered":"MSM 500 mg Optimum Quality Kapseln 60 Stk."},"content":{"rendered":"<p>MSM 500 mg Optimum Quality Kapseln besitzen entz\u00fcndungshemmende und antioxidative Eigenschaften, weshalb sich der Einsatz bei entz\u00fcndlichen Erkrankungen des Verdauungstraktes sowie bei entz\u00fcndlichen oder degenerativen Beschwerden des St\u00fctz- und Bewegungsapparates erg\u00e4nzend zur \u00e4rztlichen Therapie anbietet.<\/p>\n","protected":false},"excerpt":{"rendered":"<p>MSM 500 mg Optimum Quality Kapseln besitzen entz\u00fcndungshemmende und antioxidative Eigenschaften, weshalb sich der Einsatz bei entz\u00fcndlichen Erkrankungen des Verdauungstraktes sowie bei entz\u00fcndlichen oder degenerativen Beschwerden des St\u00fctz- und Bewegungsapparates erg\u00e4nzend zur \u00e4rztlichen Therapie anbietet.<\/p>\n","protected":false},"featured_media":12124,"template":"","meta":{"_acf_changed":false},"product_brand":[],"product_cat":[308],"product_tag":[],"class_list":{"0":"post-12122","1":"product","2":"type-product","3":"status-publish","4":"has-post-thumbnail","6":"product_cat-m","7":"pa_packungsgroesse-60-stueck","9":"first","10":"instock","11":"shipping-taxable","12":"purchasable","13":"product-type-simple"},"acf":[],"_links":{"self":[{"href":"https:\/\/www.hirtenberg-apotheke.at\/katalog\/wp-json\/wp\/v2\/product\/12122","targetHints":{"allow":["GET"]}}],"collection":[{"href":"https:\/\/www.hirtenberg-apotheke.at\/katalog\/wp-json\/wp\/v2\/product"}],"about":[{"href":"https:\/\/www.hirtenberg-apotheke.at\/katalog\/wp-json\/wp\/v2\/types\/product"}],"wp:featuredmedia":[{"embeddable":true,"href":"https:\/\/www.hirtenberg-apotheke.at\/katalog\/wp-json\/wp\/v2\/media\/12124"}],"wp:attachment":[{"href":"https:\/\/www.hirtenberg-apotheke.at\/katalog\/wp-json\/wp\/v2\/media?parent=12122"}],"wp:term":[{"taxonomy":"product_brand","embeddable":true,"href":"https:\/\/www.hirtenberg-apotheke.at\/katalog\/wp-json\/wp\/v2\/product_brand?post=12122"},{"taxonomy":"product_cat","embeddable":true,"href":"https:\/\/www.hirtenberg-apotheke.at\/katalog\/wp-json\/wp\/v2\/product_cat?post=12122"},{"taxonomy":"product_tag","embeddable":true,"href":"https:\/\/www.hirtenberg-apotheke.at\/katalog\/wp-json\/wp\/v2\/product_tag?post=12122"}],"curies":[{"name":"wp","href":"https:\/\/api.w.org\/{rel}","templated":true}]}}