{"id":12140,"date":"2025-11-25T14:35:27","date_gmt":"2025-11-25T13:35:27","guid":{"rendered":"https:\/\/www.hirtenberg-apotheke.at\/katalog\/produkt\/melasan-krill-premium-500-kapseln-60-stk\/"},"modified":"2025-11-25T14:35:51","modified_gmt":"2025-11-25T13:35:51","slug":"melasan-krill-premium-500-kapseln-60-stk","status":"publish","type":"product","link":"https:\/\/www.hirtenberg-apotheke.at\/katalog\/produkt\/melasan-krill-premium-500-kapseln-60-stk\/","title":{"rendered":"Melasan Krill Premium 500 Kapseln 60 Stk."},"content":{"rendered":"<p>Melasan Krill Premium 500 Kapseln 60 Stk. enthalten einen nat\u00fcrlichen und gut bioverf\u00fcgbaren Komplex aus essenziellen Omega-3-Fetts\u00e4uren, Phospholipiden und dem Carotinoid Astaxanthin. Das schonend enzymatisch gewonnene \u00d6l der antarktischen Kleinkrebsart Krill (Euphausia superba) stellt eine wertvolle Quelle an Phospholipiden dar und die enthaltenen essenziellen Fetts\u00e4uren k\u00f6nnen au\u00dferdem das allgemeine Wohlbefinden unterst\u00fctzen.<\/p>\n","protected":false},"excerpt":{"rendered":"<p>Melasan Krill Premium 500 Kapseln 60 Stk. enthalten einen nat\u00fcrlichen und gut bioverf\u00fcgbaren Komplex aus essenziellen Omega-3-Fetts\u00e4uren, Phospholipiden und dem Carotinoid Astaxanthin. Das schonend enzymatisch gewonnene \u00d6l der antarktischen Kleinkrebsart Krill (Euphausia superba) stellt eine wertvolle Quelle an Phospholipiden dar und die enthaltenen essenziellen Fetts\u00e4uren k\u00f6nnen au\u00dferdem das allgemeine Wohlbefinden unterst\u00fctzen.<\/p>\n","protected":false},"featured_media":12142,"template":"","meta":{"_acf_changed":false},"product_brand":[323],"product_cat":[308],"product_tag":[],"class_list":{"0":"post-12140","1":"product","2":"type-product","3":"status-publish","4":"has-post-thumbnail","6":"product_brand-melasan","7":"product_cat-m","8":"pa_packungsgroesse-60-stueck","10":"first","11":"instock","12":"shipping-taxable","13":"purchasable","14":"product-type-simple"},"acf":[],"_links":{"self":[{"href":"https:\/\/www.hirtenberg-apotheke.at\/katalog\/wp-json\/wp\/v2\/product\/12140","targetHints":{"allow":["GET"]}}],"collection":[{"href":"https:\/\/www.hirtenberg-apotheke.at\/katalog\/wp-json\/wp\/v2\/product"}],"about":[{"href":"https:\/\/www.hirtenberg-apotheke.at\/katalog\/wp-json\/wp\/v2\/types\/product"}],"wp:featuredmedia":[{"embeddable":true,"href":"https:\/\/www.hirtenberg-apotheke.at\/katalog\/wp-json\/wp\/v2\/media\/12142"}],"wp:attachment":[{"href":"https:\/\/www.hirtenberg-apotheke.at\/katalog\/wp-json\/wp\/v2\/media?parent=12140"}],"wp:term":[{"taxonomy":"product_brand","embeddable":true,"href":"https:\/\/www.hirtenberg-apotheke.at\/katalog\/wp-json\/wp\/v2\/product_brand?post=12140"},{"taxonomy":"product_cat","embeddable":true,"href":"https:\/\/www.hirtenberg-apotheke.at\/katalog\/wp-json\/wp\/v2\/product_cat?post=12140"},{"taxonomy":"product_tag","embeddable":true,"href":"https:\/\/www.hirtenberg-apotheke.at\/katalog\/wp-json\/wp\/v2\/product_tag?post=12140"}],"curies":[{"name":"wp","href":"https:\/\/api.w.org\/{rel}","templated":true}]}}