{"id":12230,"date":"2025-11-25T14:37:00","date_gmt":"2025-11-25T13:37:00","guid":{"rendered":"https:\/\/www.hirtenberg-apotheke.at\/katalog\/produkt\/h15-ayurmedica-kapseln\/"},"modified":"2025-11-25T14:37:16","modified_gmt":"2025-11-25T13:37:16","slug":"h15-ayurmedica-kapseln","status":"publish","type":"product","link":"https:\/\/www.hirtenberg-apotheke.at\/katalog\/produkt\/h15-ayurmedica-kapseln\/","title":{"rendered":"H15 Ayurmedica Kapseln"},"content":{"rendered":"<p>H15 Ayurmedica\u00ae Weihrauch Kapseln 100 Stk. enthalten Boswellia serrata-Trockenextrakt in einer Hartgelatinekapsel. Der indische Weihrauch aus der Pflanze Boswellia serrata ist ein klassisches pflanzliches Vielstoffgemisch und wird in der traditionellen Naturheilkunde (Ayurveda) seit \u00fcber 300 Jahren als Salbe bei Entz\u00fcndungen, Knochenbr\u00fcchen, Schwellungen und Geschw\u00fcren aufgetragen. Innerlich wird er bei chronischen Darmerkrankungen, H\u00e4morrhoiden und Entz\u00fcndungen (Rheuma) eingesetzt. Nach Ansicht des Ayurveda greift Weihrauch harmonisierend in den menschlichen Energiekreislauf ein.<\/p>\n","protected":false},"excerpt":{"rendered":"<p>H15 Ayurmedica\u00ae Weihrauch Kapseln 100 Stk. enthalten Boswellia serrata-Trockenextrakt in einer Hartgelatinekapsel. Der indische Weihrauch aus der Pflanze Boswellia serrata ist ein klassisches pflanzliches Vielstoffgemisch und wird in der traditionellen Naturheilkunde (Ayurveda) seit \u00fcber 300 Jahren als Salbe bei Entz\u00fcndungen, Knochenbr\u00fcchen, Schwellungen und Geschw\u00fcren aufgetragen. Innerlich wird er bei chronischen Darmerkrankungen, H\u00e4morrhoiden und Entz\u00fcndungen (Rheuma) [&hellip;]<\/p>\n","protected":false},"featured_media":12232,"template":"","meta":{"_acf_changed":false},"product_brand":[316],"product_cat":[330],"product_tag":[],"class_list":{"0":"post-12230","1":"product","2":"type-product","3":"status-publish","4":"has-post-thumbnail","6":"product_brand-gall-pharma","7":"product_cat-h","8":"pa_packungsgroesse-100-stueck","10":"first","11":"instock","12":"shipping-taxable","13":"purchasable","14":"product-type-simple"},"acf":[],"_links":{"self":[{"href":"https:\/\/www.hirtenberg-apotheke.at\/katalog\/wp-json\/wp\/v2\/product\/12230","targetHints":{"allow":["GET"]}}],"collection":[{"href":"https:\/\/www.hirtenberg-apotheke.at\/katalog\/wp-json\/wp\/v2\/product"}],"about":[{"href":"https:\/\/www.hirtenberg-apotheke.at\/katalog\/wp-json\/wp\/v2\/types\/product"}],"wp:featuredmedia":[{"embeddable":true,"href":"https:\/\/www.hirtenberg-apotheke.at\/katalog\/wp-json\/wp\/v2\/media\/12232"}],"wp:attachment":[{"href":"https:\/\/www.hirtenberg-apotheke.at\/katalog\/wp-json\/wp\/v2\/media?parent=12230"}],"wp:term":[{"taxonomy":"product_brand","embeddable":true,"href":"https:\/\/www.hirtenberg-apotheke.at\/katalog\/wp-json\/wp\/v2\/product_brand?post=12230"},{"taxonomy":"product_cat","embeddable":true,"href":"https:\/\/www.hirtenberg-apotheke.at\/katalog\/wp-json\/wp\/v2\/product_cat?post=12230"},{"taxonomy":"product_tag","embeddable":true,"href":"https:\/\/www.hirtenberg-apotheke.at\/katalog\/wp-json\/wp\/v2\/product_tag?post=12230"}],"curies":[{"name":"wp","href":"https:\/\/api.w.org\/{rel}","templated":true}]}}