{"id":12251,"date":"2025-11-25T14:37:00","date_gmt":"2025-11-25T13:37:00","guid":{"rendered":"https:\/\/www.hirtenberg-apotheke.at\/katalog\/produkt\/prolin-500mg-kapseln\/"},"modified":"2025-11-25T14:37:26","modified_gmt":"2025-11-25T13:37:26","slug":"prolin-500mg-kapseln","status":"publish","type":"product","link":"https:\/\/www.hirtenberg-apotheke.at\/katalog\/produkt\/prolin-500mg-kapseln\/","title":{"rendered":"Prolin 500mg Kapseln"},"content":{"rendered":"<p>Gall Pharma Prolin 500 mg Kapseln 60 Stk. unterst\u00fctzt gezielt den Stoffwechsel und die freien Aminor\u00e4uren k\u00f6nnen leicht vom K\u00f6rper aufgenommen werden. L-Prolin ist ein wesentlicher Bestandteil von Kollagen, das besonders gro\u00dfe Bedeutung f\u00fcr die Gelenke, Sehnen und das Herz hat.<\/p>\n","protected":false},"excerpt":{"rendered":"<p>Gall Pharma Prolin 500 mg Kapseln 60 Stk. unterst\u00fctzt gezielt den Stoffwechsel und die freien Aminor\u00e4uren k\u00f6nnen leicht vom K\u00f6rper aufgenommen werden. L-Prolin ist ein wesentlicher Bestandteil von Kollagen, das besonders gro\u00dfe Bedeutung f\u00fcr die Gelenke, Sehnen und das Herz hat.<\/p>\n","protected":false},"featured_media":0,"template":"","meta":{"_acf_changed":false},"product_brand":[316],"product_cat":[302],"product_tag":[],"class_list":{"0":"post-12251","1":"product","2":"type-product","3":"status-publish","5":"product_brand-gall-pharma","6":"product_cat-p","7":"pa_packungsgroesse-60-stueck","9":"first","10":"instock","11":"shipping-taxable","12":"purchasable","13":"product-type-simple"},"acf":[],"_links":{"self":[{"href":"https:\/\/www.hirtenberg-apotheke.at\/katalog\/wp-json\/wp\/v2\/product\/12251","targetHints":{"allow":["GET"]}}],"collection":[{"href":"https:\/\/www.hirtenberg-apotheke.at\/katalog\/wp-json\/wp\/v2\/product"}],"about":[{"href":"https:\/\/www.hirtenberg-apotheke.at\/katalog\/wp-json\/wp\/v2\/types\/product"}],"wp:attachment":[{"href":"https:\/\/www.hirtenberg-apotheke.at\/katalog\/wp-json\/wp\/v2\/media?parent=12251"}],"wp:term":[{"taxonomy":"product_brand","embeddable":true,"href":"https:\/\/www.hirtenberg-apotheke.at\/katalog\/wp-json\/wp\/v2\/product_brand?post=12251"},{"taxonomy":"product_cat","embeddable":true,"href":"https:\/\/www.hirtenberg-apotheke.at\/katalog\/wp-json\/wp\/v2\/product_cat?post=12251"},{"taxonomy":"product_tag","embeddable":true,"href":"https:\/\/www.hirtenberg-apotheke.at\/katalog\/wp-json\/wp\/v2\/product_tag?post=12251"}],"curies":[{"name":"wp","href":"https:\/\/api.w.org\/{rel}","templated":true}]}}