{"id":12270,"date":"2025-11-25T14:37:26","date_gmt":"2025-11-25T13:37:26","guid":{"rendered":"https:\/\/www.hirtenberg-apotheke.at\/katalog\/produkt\/l-citrullin-pulver\/"},"modified":"2025-11-25T14:37:45","modified_gmt":"2025-11-25T13:37:45","slug":"l-citrullin-pulver","status":"publish","type":"product","link":"https:\/\/www.hirtenberg-apotheke.at\/katalog\/produkt\/l-citrullin-pulver\/","title":{"rendered":"L &#8211; Citrullin Pulver"},"content":{"rendered":"<p>L-Citrullin GPH Pulver enth\u00e4lt 100 g L-Citrullin. Diese Aminos\u00e4ure ist wichtig f\u00fcr den Stoffwechsel der Muskeln und hilft bei k\u00f6rperlicher Kraftlosigkeit und allgemeinen Ersch\u00f6pfungszust\u00e4nden. L-Citrullin unterst\u00fctzt den K\u00f6rper bei der Entgiftung von Ammoniak und leistet demnach einen wesentlichen Beitrag zur Aufrechterhaltung der physiologischen Leberfunktion<\/p>\n","protected":false},"excerpt":{"rendered":"<p>L-Citrullin GPH Pulver enth\u00e4lt 100 g L-Citrullin. Diese Aminos\u00e4ure ist wichtig f\u00fcr den Stoffwechsel der Muskeln und hilft bei k\u00f6rperlicher Kraftlosigkeit und allgemeinen Ersch\u00f6pfungszust\u00e4nden. L-Citrullin unterst\u00fctzt den K\u00f6rper bei der Entgiftung von Ammoniak und leistet demnach einen wesentlichen Beitrag zur Aufrechterhaltung der physiologischen Leberfunktion<\/p>\n","protected":false},"featured_media":12272,"template":"","meta":{"_acf_changed":false},"product_brand":[316],"product_cat":[317],"product_tag":[],"class_list":{"0":"post-12270","1":"product","2":"type-product","3":"status-publish","4":"has-post-thumbnail","6":"product_brand-gall-pharma","7":"product_cat-l","8":"pa_packungsgroesse-100g","10":"first","11":"instock","12":"shipping-taxable","13":"purchasable","14":"product-type-simple"},"acf":[],"_links":{"self":[{"href":"https:\/\/www.hirtenberg-apotheke.at\/katalog\/wp-json\/wp\/v2\/product\/12270","targetHints":{"allow":["GET"]}}],"collection":[{"href":"https:\/\/www.hirtenberg-apotheke.at\/katalog\/wp-json\/wp\/v2\/product"}],"about":[{"href":"https:\/\/www.hirtenberg-apotheke.at\/katalog\/wp-json\/wp\/v2\/types\/product"}],"wp:featuredmedia":[{"embeddable":true,"href":"https:\/\/www.hirtenberg-apotheke.at\/katalog\/wp-json\/wp\/v2\/media\/12272"}],"wp:attachment":[{"href":"https:\/\/www.hirtenberg-apotheke.at\/katalog\/wp-json\/wp\/v2\/media?parent=12270"}],"wp:term":[{"taxonomy":"product_brand","embeddable":true,"href":"https:\/\/www.hirtenberg-apotheke.at\/katalog\/wp-json\/wp\/v2\/product_brand?post=12270"},{"taxonomy":"product_cat","embeddable":true,"href":"https:\/\/www.hirtenberg-apotheke.at\/katalog\/wp-json\/wp\/v2\/product_cat?post=12270"},{"taxonomy":"product_tag","embeddable":true,"href":"https:\/\/www.hirtenberg-apotheke.at\/katalog\/wp-json\/wp\/v2\/product_tag?post=12270"}],"curies":[{"name":"wp","href":"https:\/\/api.w.org\/{rel}","templated":true}]}}