{"id":122951,"date":"2025-12-04T00:50:11","date_gmt":"2025-12-03T23:50:11","guid":{"rendered":"https:\/\/www.hirtenberg-apotheke.at\/katalog\/produkt\/terratherm-handwaermer\/"},"modified":"2025-12-04T00:50:20","modified_gmt":"2025-12-03T23:50:20","slug":"terratherm-handwaermer","status":"publish","type":"product","link":"https:\/\/www.hirtenberg-apotheke.at\/katalog\/produkt\/terratherm-handwaermer\/","title":{"rendered":"TerraTherm Handw\u00e4rmer"},"content":{"rendered":"<p>Der durch Luft aktivierbaren Fingerw\u00e4rmer funktionieren ganz ohne Strom. Einfach Einweg-Handw\u00e4rmer auspacken, in die Jacken-, Hosentasche oder Handschuhe stecken, bis zu 12 Stunden warme H\u00e4nde genie\u00dfen.<\/p>\n","protected":false},"excerpt":{"rendered":"<p>Der durch Luft aktivierbaren Fingerw\u00e4rmer funktionieren ganz ohne Strom. Einfach Einweg-Handw\u00e4rmer auspacken, in die Jacken-, Hosentasche oder Handschuhe stecken, bis zu 12 Stunden warme H\u00e4nde genie\u00dfen.<\/p>\n","protected":false},"featured_media":122953,"template":"","meta":{"_acf_changed":false},"product_brand":[],"product_cat":[319],"product_tag":[],"class_list":{"0":"post-122951","1":"product","2":"type-product","3":"status-publish","4":"has-post-thumbnail","6":"product_cat-t","7":"pa_packungsgroesse-1-packungen","9":"first","10":"instock","11":"shipping-taxable","12":"purchasable","13":"product-type-simple"},"acf":[],"_links":{"self":[{"href":"https:\/\/www.hirtenberg-apotheke.at\/katalog\/wp-json\/wp\/v2\/product\/122951","targetHints":{"allow":["GET"]}}],"collection":[{"href":"https:\/\/www.hirtenberg-apotheke.at\/katalog\/wp-json\/wp\/v2\/product"}],"about":[{"href":"https:\/\/www.hirtenberg-apotheke.at\/katalog\/wp-json\/wp\/v2\/types\/product"}],"wp:featuredmedia":[{"embeddable":true,"href":"https:\/\/www.hirtenberg-apotheke.at\/katalog\/wp-json\/wp\/v2\/media\/122953"}],"wp:attachment":[{"href":"https:\/\/www.hirtenberg-apotheke.at\/katalog\/wp-json\/wp\/v2\/media?parent=122951"}],"wp:term":[{"taxonomy":"product_brand","embeddable":true,"href":"https:\/\/www.hirtenberg-apotheke.at\/katalog\/wp-json\/wp\/v2\/product_brand?post=122951"},{"taxonomy":"product_cat","embeddable":true,"href":"https:\/\/www.hirtenberg-apotheke.at\/katalog\/wp-json\/wp\/v2\/product_cat?post=122951"},{"taxonomy":"product_tag","embeddable":true,"href":"https:\/\/www.hirtenberg-apotheke.at\/katalog\/wp-json\/wp\/v2\/product_tag?post=122951"}],"curies":[{"name":"wp","href":"https:\/\/api.w.org\/{rel}","templated":true}]}}