{"id":122957,"date":"2025-12-04T00:50:21","date_gmt":"2025-12-03T23:50:21","guid":{"rendered":"https:\/\/www.hirtenberg-apotheke.at\/katalog\/produkt\/terratherm-waermesohlen-medium\/"},"modified":"2025-12-04T00:50:26","modified_gmt":"2025-12-03T23:50:26","slug":"terratherm-waermesohlen-medium","status":"publish","type":"product","link":"https:\/\/www.hirtenberg-apotheke.at\/katalog\/produkt\/terratherm-waermesohlen-medium\/","title":{"rendered":"TerraTherm W\u00e4rmesohlen Medium"},"content":{"rendered":"<p>Diese durch Luft aktivierbaren Fu\u00dfw\u00e4rmer Sohlen funktionieren ganz ohne Strom. Einfach Einweg-W\u00e4rmesohlen auspacken, wenige Minuten an der Luft aktivieren und mit der glatten Seite nach unten in die Schuhe legen. Mit unseren W\u00e4rmeeinlagen kannst du und bis zu 8 Stunden wohlig warme F\u00fc\u00dfe genie\u00dfen.<\/p>\n","protected":false},"excerpt":{"rendered":"<p>Diese durch Luft aktivierbaren Fu\u00dfw\u00e4rmer Sohlen funktionieren ganz ohne Strom. Einfach Einweg-W\u00e4rmesohlen auspacken, wenige Minuten an der Luft aktivieren und mit der glatten Seite nach unten in die Schuhe legen. Mit unseren W\u00e4rmeeinlagen kannst du und bis zu 8 Stunden wohlig warme F\u00fc\u00dfe genie\u00dfen.<\/p>\n","protected":false},"featured_media":122959,"template":"","meta":{"_acf_changed":false},"product_brand":[],"product_cat":[319],"product_tag":[],"class_list":{"0":"post-122957","1":"product","2":"type-product","3":"status-publish","4":"has-post-thumbnail","6":"product_cat-t","7":"pa_packungsgroesse-1-packungen","9":"first","10":"instock","11":"shipping-taxable","12":"purchasable","13":"product-type-simple"},"acf":[],"_links":{"self":[{"href":"https:\/\/www.hirtenberg-apotheke.at\/katalog\/wp-json\/wp\/v2\/product\/122957","targetHints":{"allow":["GET"]}}],"collection":[{"href":"https:\/\/www.hirtenberg-apotheke.at\/katalog\/wp-json\/wp\/v2\/product"}],"about":[{"href":"https:\/\/www.hirtenberg-apotheke.at\/katalog\/wp-json\/wp\/v2\/types\/product"}],"wp:featuredmedia":[{"embeddable":true,"href":"https:\/\/www.hirtenberg-apotheke.at\/katalog\/wp-json\/wp\/v2\/media\/122959"}],"wp:attachment":[{"href":"https:\/\/www.hirtenberg-apotheke.at\/katalog\/wp-json\/wp\/v2\/media?parent=122957"}],"wp:term":[{"taxonomy":"product_brand","embeddable":true,"href":"https:\/\/www.hirtenberg-apotheke.at\/katalog\/wp-json\/wp\/v2\/product_brand?post=122957"},{"taxonomy":"product_cat","embeddable":true,"href":"https:\/\/www.hirtenberg-apotheke.at\/katalog\/wp-json\/wp\/v2\/product_cat?post=122957"},{"taxonomy":"product_tag","embeddable":true,"href":"https:\/\/www.hirtenberg-apotheke.at\/katalog\/wp-json\/wp\/v2\/product_tag?post=122957"}],"curies":[{"name":"wp","href":"https:\/\/api.w.org\/{rel}","templated":true}]}}