{"id":122960,"date":"2025-12-04T00:50:26","date_gmt":"2025-12-03T23:50:26","guid":{"rendered":"https:\/\/www.hirtenberg-apotheke.at\/katalog\/produkt\/tetesept-baeder-der-welt-aegyptisches-kleopatra-bad-125-ml\/"},"modified":"2025-12-04T00:50:49","modified_gmt":"2025-12-03T23:50:49","slug":"tetesept-baeder-der-welt-aegyptisches-kleopatra-bad-125-ml","status":"publish","type":"product","link":"https:\/\/www.hirtenberg-apotheke.at\/katalog\/produkt\/tetesept-baeder-der-welt-aegyptisches-kleopatra-bad-125-ml\/","title":{"rendered":"Tetesept B\u00e4der der Welt \u00c4gyptisches Kleopatra Bad 125 ml"},"content":{"rendered":"<p>Tetesept B\u00e4der der Welt \u00c4gyptisches Kleopatra Bad pflegt Ihre Haut intensiv mit Honig, Milchproteinen und Mandel\u00f6l. Trockene Haut wird durch den Badezusatz tiefenwirksam mit Feuchtigkeit versorgt. F\u00fcr ein seidig zartes Hautgef\u00fchl mit angenehmem Duft.<\/p>\n","protected":false},"excerpt":{"rendered":"<p>Tetesept B\u00e4der der Welt \u00c4gyptisches Kleopatra Bad pflegt Ihre Haut intensiv mit Honig, Milchproteinen und Mandel\u00f6l. Trockene Haut wird durch den Badezusatz tiefenwirksam mit Feuchtigkeit versorgt. F\u00fcr ein seidig zartes Hautgef\u00fchl mit angenehmem Duft.<\/p>\n","protected":false},"featured_media":122962,"template":"","meta":{"_acf_changed":false},"product_brand":[],"product_cat":[319],"product_tag":[],"class_list":{"0":"post-122960","1":"product","2":"type-product","3":"status-publish","4":"has-post-thumbnail","6":"product_cat-t","7":"pa_packungsgroesse-125ml","9":"first","10":"instock","11":"shipping-taxable","12":"purchasable","13":"product-type-simple"},"acf":[],"_links":{"self":[{"href":"https:\/\/www.hirtenberg-apotheke.at\/katalog\/wp-json\/wp\/v2\/product\/122960","targetHints":{"allow":["GET"]}}],"collection":[{"href":"https:\/\/www.hirtenberg-apotheke.at\/katalog\/wp-json\/wp\/v2\/product"}],"about":[{"href":"https:\/\/www.hirtenberg-apotheke.at\/katalog\/wp-json\/wp\/v2\/types\/product"}],"wp:featuredmedia":[{"embeddable":true,"href":"https:\/\/www.hirtenberg-apotheke.at\/katalog\/wp-json\/wp\/v2\/media\/122962"}],"wp:attachment":[{"href":"https:\/\/www.hirtenberg-apotheke.at\/katalog\/wp-json\/wp\/v2\/media?parent=122960"}],"wp:term":[{"taxonomy":"product_brand","embeddable":true,"href":"https:\/\/www.hirtenberg-apotheke.at\/katalog\/wp-json\/wp\/v2\/product_brand?post=122960"},{"taxonomy":"product_cat","embeddable":true,"href":"https:\/\/www.hirtenberg-apotheke.at\/katalog\/wp-json\/wp\/v2\/product_cat?post=122960"},{"taxonomy":"product_tag","embeddable":true,"href":"https:\/\/www.hirtenberg-apotheke.at\/katalog\/wp-json\/wp\/v2\/product_tag?post=122960"}],"curies":[{"name":"wp","href":"https:\/\/api.w.org\/{rel}","templated":true}]}}