{"id":123127,"date":"2025-12-04T00:56:15","date_gmt":"2025-12-03T23:56:15","guid":{"rendered":"https:\/\/www.hirtenberg-apotheke.at\/katalog\/produkt\/urinocol-1-stk-boy-closed\/"},"modified":"2025-12-04T00:56:23","modified_gmt":"2025-12-03T23:56:23","slug":"urinocol-1-stk-boy-closed","status":"publish","type":"product","link":"https:\/\/www.hirtenberg-apotheke.at\/katalog\/produkt\/urinocol-1-stk-boy-closed\/","title":{"rendered":"Urinocol 1 Stk. Boy Closed"},"content":{"rendered":"<p>Urinocol ist ein PVC-freier Urin-Auffangbeutel mit einem Volumen von 100 ml. Durch die Zweiteilung der Folie ist ein besseres Abziehen und Anbringen der Folie m\u00f6glich. Die Klebefl\u00e4che ist Latex-frei, sorgt f\u00fcr geringe Hautirritationen und zeichnet sich durch die bessere Klebeeigenschaft aus.<\/p>\n","protected":false},"excerpt":{"rendered":"<p>Urinocol ist ein PVC-freier Urin-Auffangbeutel mit einem Volumen von 100 ml. Durch die Zweiteilung der Folie ist ein besseres Abziehen und Anbringen der Folie m\u00f6glich. Die Klebefl\u00e4che ist Latex-frei, sorgt f\u00fcr geringe Hautirritationen und zeichnet sich durch die bessere Klebeeigenschaft aus.<\/p>\n","protected":false},"featured_media":0,"template":"","meta":{"_acf_changed":false},"product_brand":[],"product_cat":[358],"product_tag":[],"class_list":{"0":"post-123127","1":"product","2":"type-product","3":"status-publish","5":"product_cat-u","6":"pa_packungsgroesse-1-beutel","8":"first","9":"instock","10":"shipping-taxable","11":"purchasable","12":"product-type-simple"},"acf":[],"_links":{"self":[{"href":"https:\/\/www.hirtenberg-apotheke.at\/katalog\/wp-json\/wp\/v2\/product\/123127","targetHints":{"allow":["GET"]}}],"collection":[{"href":"https:\/\/www.hirtenberg-apotheke.at\/katalog\/wp-json\/wp\/v2\/product"}],"about":[{"href":"https:\/\/www.hirtenberg-apotheke.at\/katalog\/wp-json\/wp\/v2\/types\/product"}],"wp:attachment":[{"href":"https:\/\/www.hirtenberg-apotheke.at\/katalog\/wp-json\/wp\/v2\/media?parent=123127"}],"wp:term":[{"taxonomy":"product_brand","embeddable":true,"href":"https:\/\/www.hirtenberg-apotheke.at\/katalog\/wp-json\/wp\/v2\/product_brand?post=123127"},{"taxonomy":"product_cat","embeddable":true,"href":"https:\/\/www.hirtenberg-apotheke.at\/katalog\/wp-json\/wp\/v2\/product_cat?post=123127"},{"taxonomy":"product_tag","embeddable":true,"href":"https:\/\/www.hirtenberg-apotheke.at\/katalog\/wp-json\/wp\/v2\/product_tag?post=123127"}],"curies":[{"name":"wp","href":"https:\/\/api.w.org\/{rel}","templated":true}]}}