{"id":12353,"date":"2025-11-25T14:38:31","date_gmt":"2025-11-25T13:38:31","guid":{"rendered":"https:\/\/www.hirtenberg-apotheke.at\/katalog\/produkt\/vertebene-intensivprogramm-1-stk\/"},"modified":"2025-11-25T14:38:33","modified_gmt":"2025-11-25T13:38:33","slug":"vertebene-intensivprogramm-1-stk","status":"publish","type":"product","link":"https:\/\/www.hirtenberg-apotheke.at\/katalog\/produkt\/vertebene-intensivprogramm-1-stk\/","title":{"rendered":"Vertebene Intensivprogramm 1 Stk."},"content":{"rendered":"<p>Die wertvolle N\u00e4hrstoffkombination soll zum Aufbau und zur Erhaltung Ihrer Bandscheiben und Wirbels\u00e4ule beitragen! Collagen ist ein faserf\u00f6rmiges Strukturprotein des Bindegewebes. Als strukturgebendes Protein ist es der wichtigste Aufbaustoff im Bereich der Wirbelk\u00f6rper und Wirbelb\u00f6gen und aller Knorpel der Wirbelgelenke, im Besonderen der Bandscheiben. Die Zufuhr von Collagen ist daher wichtig zur Aufrechterhaltung gesunder Gelenke und gesunder Knochenstrukturen.<\/p>\n","protected":false},"excerpt":{"rendered":"<p>Die wertvolle N\u00e4hrstoffkombination soll zum Aufbau und zur Erhaltung Ihrer Bandscheiben und Wirbels\u00e4ule beitragen! Collagen ist ein faserf\u00f6rmiges Strukturprotein des Bindegewebes. Als strukturgebendes Protein ist es der wichtigste Aufbaustoff im Bereich der Wirbelk\u00f6rper und Wirbelb\u00f6gen und aller Knorpel der Wirbelgelenke, im Besonderen der Bandscheiben. Die Zufuhr von Collagen ist daher wichtig zur Aufrechterhaltung gesunder Gelenke [&hellip;]<\/p>\n","protected":false},"featured_media":12355,"template":"","meta":{"_acf_changed":false},"product_brand":[],"product_cat":[300],"product_tag":[],"class_list":{"0":"post-12353","1":"product","2":"type-product","3":"status-publish","4":"has-post-thumbnail","6":"product_cat-v","7":"pa_packungsgroesse-1-stueck","9":"first","10":"instock","11":"shipping-taxable","12":"purchasable","13":"product-type-simple"},"acf":[],"_links":{"self":[{"href":"https:\/\/www.hirtenberg-apotheke.at\/katalog\/wp-json\/wp\/v2\/product\/12353","targetHints":{"allow":["GET"]}}],"collection":[{"href":"https:\/\/www.hirtenberg-apotheke.at\/katalog\/wp-json\/wp\/v2\/product"}],"about":[{"href":"https:\/\/www.hirtenberg-apotheke.at\/katalog\/wp-json\/wp\/v2\/types\/product"}],"wp:featuredmedia":[{"embeddable":true,"href":"https:\/\/www.hirtenberg-apotheke.at\/katalog\/wp-json\/wp\/v2\/media\/12355"}],"wp:attachment":[{"href":"https:\/\/www.hirtenberg-apotheke.at\/katalog\/wp-json\/wp\/v2\/media?parent=12353"}],"wp:term":[{"taxonomy":"product_brand","embeddable":true,"href":"https:\/\/www.hirtenberg-apotheke.at\/katalog\/wp-json\/wp\/v2\/product_brand?post=12353"},{"taxonomy":"product_cat","embeddable":true,"href":"https:\/\/www.hirtenberg-apotheke.at\/katalog\/wp-json\/wp\/v2\/product_cat?post=12353"},{"taxonomy":"product_tag","embeddable":true,"href":"https:\/\/www.hirtenberg-apotheke.at\/katalog\/wp-json\/wp\/v2\/product_tag?post=12353"}],"curies":[{"name":"wp","href":"https:\/\/api.w.org\/{rel}","templated":true}]}}