{"id":123538,"date":"2025-12-04T01:04:33","date_gmt":"2025-12-04T00:04:33","guid":{"rendered":"https:\/\/www.hirtenberg-apotheke.at\/katalog\/produkt\/waschhandschuh-getraenkt-8-stk\/"},"modified":"2025-12-04T01:04:36","modified_gmt":"2025-12-04T00:04:36","slug":"waschhandschuh-getraenkt-8-stk","status":"publish","type":"product","link":"https:\/\/www.hirtenberg-apotheke.at\/katalog\/produkt\/waschhandschuh-getraenkt-8-stk\/","title":{"rendered":"Waschhandschuh getr\u00e4nkt 8 Stk."},"content":{"rendered":"<p>Waschhandschuh getr\u00e4nkt eignet sich zum Waschen und Pflegen bettl\u00e4geriger Patienten ohne Wasser. Der Waschhandschuh ist getr\u00e4nkt mit einer sanft pflegenden Waschlotion.<\/p>\n","protected":false},"excerpt":{"rendered":"<p>Waschhandschuh getr\u00e4nkt eignet sich zum Waschen und Pflegen bettl\u00e4geriger Patienten ohne Wasser. Der Waschhandschuh ist getr\u00e4nkt mit einer sanft pflegenden Waschlotion.<\/p>\n","protected":false},"featured_media":0,"template":"","meta":{"_acf_changed":false},"product_brand":[],"product_cat":[368],"product_tag":[],"class_list":{"0":"post-123538","1":"product","2":"type-product","3":"status-publish","5":"product_cat-w","6":"pa_packungsgroesse-8-stueck","8":"first","9":"instock","10":"shipping-taxable","11":"purchasable","12":"product-type-simple"},"acf":[],"_links":{"self":[{"href":"https:\/\/www.hirtenberg-apotheke.at\/katalog\/wp-json\/wp\/v2\/product\/123538","targetHints":{"allow":["GET"]}}],"collection":[{"href":"https:\/\/www.hirtenberg-apotheke.at\/katalog\/wp-json\/wp\/v2\/product"}],"about":[{"href":"https:\/\/www.hirtenberg-apotheke.at\/katalog\/wp-json\/wp\/v2\/types\/product"}],"wp:attachment":[{"href":"https:\/\/www.hirtenberg-apotheke.at\/katalog\/wp-json\/wp\/v2\/media?parent=123538"}],"wp:term":[{"taxonomy":"product_brand","embeddable":true,"href":"https:\/\/www.hirtenberg-apotheke.at\/katalog\/wp-json\/wp\/v2\/product_brand?post=123538"},{"taxonomy":"product_cat","embeddable":true,"href":"https:\/\/www.hirtenberg-apotheke.at\/katalog\/wp-json\/wp\/v2\/product_cat?post=123538"},{"taxonomy":"product_tag","embeddable":true,"href":"https:\/\/www.hirtenberg-apotheke.at\/katalog\/wp-json\/wp\/v2\/product_tag?post=123538"}],"curies":[{"name":"wp","href":"https:\/\/api.w.org\/{rel}","templated":true}]}}