{"id":12365,"date":"2025-11-25T14:38:31","date_gmt":"2025-11-25T13:38:31","guid":{"rendered":"https:\/\/www.hirtenberg-apotheke.at\/katalog\/produkt\/gebro-besser-atmen-nasenpflaster-l-beige-oeffnet-sanft-die-nase-30-stk\/"},"modified":"2025-11-25T14:38:40","modified_gmt":"2025-11-25T13:38:40","slug":"gebro-besser-atmen-nasenpflaster-l-beige-oeffnet-sanft-die-nase-30-stk","status":"publish","type":"product","link":"https:\/\/www.hirtenberg-apotheke.at\/katalog\/produkt\/gebro-besser-atmen-nasenpflaster-l-beige-oeffnet-sanft-die-nase-30-stk\/","title":{"rendered":"Gebro BESSER ATMEN Nasenpflaster L beige \u00f6ffnet sanft die Nase &#8211; 30 Stk"},"content":{"rendered":"<p>Besser Atmen Nasenstrips &#8211; \u00f6ffnet die Nasen\u00f6ffnung um das Atmen zu erleichtern.Unterst\u00fctzen das Atmen bei Erk\u00e4ltungen oder Allergien und k\u00f6nnen so das Schnarchen reduzieren. Sie verbessern die Luftzufuhr durch die Nase sofort deutlich, damit Sie eine erholsame Nacht haben. Besser Atmen Streifen Beige Gro\u00df bestehen aus zwei flachen parallel angeordneten elastischen B\u00e4ndern, die mit einer Plastikeinlage versehen sind. Wenn der Streifen richtig an der Nase angebracht wird, versuchen die B\u00e4nder die Nase zu strecken, indem sie die Seitenw\u00e4nde dieser dehnen und dabei den Naseninnenraum weiten, sodass ein verbessertes Durchatmen m\u00f6glich ist. Daher k\u00f6nnen Nebenwirkungen von Arzneimitteln bei einer verstopften Nase oder bei erschwerter Atmung ganz einfach durch eine mechanische Abhilfe abgel\u00f6st werden. Ein erleichtertes Durchatmen wird m\u00f6glich und das Risiko in der Nacht zu Scnarchen wird deutlich reduziert. Somit ist Ihr Alltag erleichtert und Ihr Schlaf ist erneut erholsam. .<\/p>\n","protected":false},"excerpt":{"rendered":"<p>Besser Atmen Nasenstrips &#8211; \u00f6ffnet die Nasen\u00f6ffnung um das Atmen zu erleichtern.Unterst\u00fctzen das Atmen bei Erk\u00e4ltungen oder Allergien und k\u00f6nnen so das Schnarchen reduzieren. Sie verbessern die Luftzufuhr durch die Nase sofort deutlich, damit Sie eine erholsame Nacht haben. Besser Atmen Streifen Beige Gro\u00df bestehen aus zwei flachen parallel angeordneten elastischen B\u00e4ndern, die mit einer [&hellip;]<\/p>\n","protected":false},"featured_media":12367,"template":"","meta":{"_acf_changed":false},"product_brand":[],"product_cat":[328],"product_tag":[],"class_list":{"0":"post-12365","1":"product","2":"type-product","3":"status-publish","4":"has-post-thumbnail","6":"product_cat-g","7":"pa_packungsgroesse-30-stueck","9":"first","10":"instock","11":"shipping-taxable","12":"purchasable","13":"product-type-simple"},"acf":[],"_links":{"self":[{"href":"https:\/\/www.hirtenberg-apotheke.at\/katalog\/wp-json\/wp\/v2\/product\/12365","targetHints":{"allow":["GET"]}}],"collection":[{"href":"https:\/\/www.hirtenberg-apotheke.at\/katalog\/wp-json\/wp\/v2\/product"}],"about":[{"href":"https:\/\/www.hirtenberg-apotheke.at\/katalog\/wp-json\/wp\/v2\/types\/product"}],"wp:featuredmedia":[{"embeddable":true,"href":"https:\/\/www.hirtenberg-apotheke.at\/katalog\/wp-json\/wp\/v2\/media\/12367"}],"wp:attachment":[{"href":"https:\/\/www.hirtenberg-apotheke.at\/katalog\/wp-json\/wp\/v2\/media?parent=12365"}],"wp:term":[{"taxonomy":"product_brand","embeddable":true,"href":"https:\/\/www.hirtenberg-apotheke.at\/katalog\/wp-json\/wp\/v2\/product_brand?post=12365"},{"taxonomy":"product_cat","embeddable":true,"href":"https:\/\/www.hirtenberg-apotheke.at\/katalog\/wp-json\/wp\/v2\/product_cat?post=12365"},{"taxonomy":"product_tag","embeddable":true,"href":"https:\/\/www.hirtenberg-apotheke.at\/katalog\/wp-json\/wp\/v2\/product_tag?post=12365"}],"curies":[{"name":"wp","href":"https:\/\/api.w.org\/{rel}","templated":true}]}}