{"id":12394,"date":"2025-11-25T14:38:39","date_gmt":"2025-11-25T13:38:39","guid":{"rendered":"https:\/\/www.hirtenberg-apotheke.at\/katalog\/produkt\/mexa-vit-c-ratiopharm-brausetabletten\/"},"modified":"2025-11-25T14:39:09","modified_gmt":"2025-11-25T13:39:09","slug":"mexa-vit-c-ratiopharm-brausetabletten","status":"publish","type":"product","link":"https:\/\/www.hirtenberg-apotheke.at\/katalog\/produkt\/mexa-vit-c-ratiopharm-brausetabletten\/","title":{"rendered":"Mexa-Vit C ratiopharm-Brausetabletten"},"content":{"rendered":"<p>Mexa-Vit C Brausetabletten wirken schmerzstillend und fiebersenkend bei entsprechenden Beschwerden wie z.B. Kopfschmerzen und Gliederschmerzen. Weiters decken sie den erh\u00f6hten Bedarf an Vitamin C w\u00e4hrend Erk\u00e4ltungskrankheiten und grippalen Infekten. Mexa-Vit C kann als Hei\u00df- und Kaltgetr\u00e4nk eingenommen werden.<\/p>\n","protected":false},"excerpt":{"rendered":"<p>Mexa-Vit C Brausetabletten wirken schmerzstillend und fiebersenkend bei entsprechenden Beschwerden wie z.B. Kopfschmerzen und Gliederschmerzen. Weiters decken sie den erh\u00f6hten Bedarf an Vitamin C w\u00e4hrend Erk\u00e4ltungskrankheiten und grippalen Infekten. Mexa-Vit C kann als Hei\u00df- und Kaltgetr\u00e4nk eingenommen werden.<\/p>\n","protected":false},"featured_media":12396,"template":"","meta":{"_acf_changed":false},"product_brand":[339],"product_cat":[308],"product_tag":[],"class_list":{"0":"post-12394","1":"product","2":"type-product","3":"status-publish","4":"has-post-thumbnail","6":"product_brand-ratiopharm","7":"product_cat-m","8":"pa_packungsgroesse-30-stueck","9":"pa_packungsgroesse-10-stueck","10":"pa_packungsgroesse-20-stueck","12":"first","13":"instock","14":"shipping-taxable","15":"purchasable","16":"product-type-simple"},"acf":[],"_links":{"self":[{"href":"https:\/\/www.hirtenberg-apotheke.at\/katalog\/wp-json\/wp\/v2\/product\/12394","targetHints":{"allow":["GET"]}}],"collection":[{"href":"https:\/\/www.hirtenberg-apotheke.at\/katalog\/wp-json\/wp\/v2\/product"}],"about":[{"href":"https:\/\/www.hirtenberg-apotheke.at\/katalog\/wp-json\/wp\/v2\/types\/product"}],"wp:featuredmedia":[{"embeddable":true,"href":"https:\/\/www.hirtenberg-apotheke.at\/katalog\/wp-json\/wp\/v2\/media\/12396"}],"wp:attachment":[{"href":"https:\/\/www.hirtenberg-apotheke.at\/katalog\/wp-json\/wp\/v2\/media?parent=12394"}],"wp:term":[{"taxonomy":"product_brand","embeddable":true,"href":"https:\/\/www.hirtenberg-apotheke.at\/katalog\/wp-json\/wp\/v2\/product_brand?post=12394"},{"taxonomy":"product_cat","embeddable":true,"href":"https:\/\/www.hirtenberg-apotheke.at\/katalog\/wp-json\/wp\/v2\/product_cat?post=12394"},{"taxonomy":"product_tag","embeddable":true,"href":"https:\/\/www.hirtenberg-apotheke.at\/katalog\/wp-json\/wp\/v2\/product_tag?post=12394"}],"curies":[{"name":"wp","href":"https:\/\/api.w.org\/{rel}","templated":true}]}}