{"id":12444,"date":"2025-11-25T14:39:24","date_gmt":"2025-11-25T13:39:24","guid":{"rendered":"https:\/\/www.hirtenberg-apotheke.at\/katalog\/produkt\/esberitox-tabletten\/"},"modified":"2025-11-25T14:39:32","modified_gmt":"2025-11-25T13:39:32","slug":"esberitox-tabletten","status":"publish","type":"product","link":"https:\/\/www.hirtenberg-apotheke.at\/katalog\/produkt\/esberitox-tabletten\/","title":{"rendered":"Esberitox Tabletten"},"content":{"rendered":"<p>Esberitox Tabletten sind pflanzliche Arzneimittel gegen Erk\u00e4ltungskrankheiten. Esberitox aktiviert die k\u00f6rpereigenen Abwehrkr\u00e4fte und l\u00e4sst Erk\u00e4ltungen bis zu drei Tage schneller abklingen bzw. milder verlaufen.<\/p>\n","protected":false},"excerpt":{"rendered":"<p>Esberitox Tabletten sind pflanzliche Arzneimittel gegen Erk\u00e4ltungskrankheiten. Esberitox aktiviert die k\u00f6rpereigenen Abwehrkr\u00e4fte und l\u00e4sst Erk\u00e4ltungen bis zu drei Tage schneller abklingen bzw. milder verlaufen.<\/p>\n","protected":false},"featured_media":12446,"template":"","meta":{"_acf_changed":false},"product_brand":[506],"product_cat":[307],"product_tag":[],"class_list":{"0":"post-12444","1":"product","2":"type-product","3":"status-publish","4":"has-post-thumbnail","6":"product_brand-esberitox","7":"product_cat-e","8":"pa_farbe-beige-braun","9":"pa_geschmack-neutral-bis-leicht-suesslich","10":"pa_packungsgroesse-100-stueck","12":"first","13":"instock","14":"shipping-taxable","15":"purchasable","16":"product-type-simple"},"acf":[],"_links":{"self":[{"href":"https:\/\/www.hirtenberg-apotheke.at\/katalog\/wp-json\/wp\/v2\/product\/12444","targetHints":{"allow":["GET"]}}],"collection":[{"href":"https:\/\/www.hirtenberg-apotheke.at\/katalog\/wp-json\/wp\/v2\/product"}],"about":[{"href":"https:\/\/www.hirtenberg-apotheke.at\/katalog\/wp-json\/wp\/v2\/types\/product"}],"wp:featuredmedia":[{"embeddable":true,"href":"https:\/\/www.hirtenberg-apotheke.at\/katalog\/wp-json\/wp\/v2\/media\/12446"}],"wp:attachment":[{"href":"https:\/\/www.hirtenberg-apotheke.at\/katalog\/wp-json\/wp\/v2\/media?parent=12444"}],"wp:term":[{"taxonomy":"product_brand","embeddable":true,"href":"https:\/\/www.hirtenberg-apotheke.at\/katalog\/wp-json\/wp\/v2\/product_brand?post=12444"},{"taxonomy":"product_cat","embeddable":true,"href":"https:\/\/www.hirtenberg-apotheke.at\/katalog\/wp-json\/wp\/v2\/product_cat?post=12444"},{"taxonomy":"product_tag","embeddable":true,"href":"https:\/\/www.hirtenberg-apotheke.at\/katalog\/wp-json\/wp\/v2\/product_tag?post=12444"}],"curies":[{"name":"wp","href":"https:\/\/api.w.org\/{rel}","templated":true}]}}