{"id":12457,"date":"2025-11-25T14:39:34","date_gmt":"2025-11-25T13:39:34","guid":{"rendered":"https:\/\/www.hirtenberg-apotheke.at\/katalog\/produkt\/melasan-kinderzimmeroel-10-ml\/"},"modified":"2025-11-25T14:39:38","modified_gmt":"2025-11-25T13:39:38","slug":"melasan-kinderzimmeroel-10-ml","status":"publish","type":"product","link":"https:\/\/www.hirtenberg-apotheke.at\/katalog\/produkt\/melasan-kinderzimmeroel-10-ml\/","title":{"rendered":"Melasan Kinderzimmer\u00f6l 10 ml"},"content":{"rendered":"<p>Melasan Kinderzimmer\u00f6l ist ein Duft\u00f6l, das besondern w\u00e4hrend der Erk\u00e4ltungszeit wohltuend wirkt. Das \u00d6l ist eine zu 100% nat\u00fcrliche \u00e4therische \u00d6lmischung.<\/p>\n","protected":false},"excerpt":{"rendered":"<p>Melasan Kinderzimmer\u00f6l ist ein Duft\u00f6l, das besondern w\u00e4hrend der Erk\u00e4ltungszeit wohltuend wirkt. Das \u00d6l ist eine zu 100% nat\u00fcrliche \u00e4therische \u00d6lmischung.<\/p>\n","protected":false},"featured_media":12459,"template":"","meta":{"_acf_changed":false},"product_brand":[323],"product_cat":[308],"product_tag":[],"class_list":{"0":"post-12457","1":"product","2":"type-product","3":"status-publish","4":"has-post-thumbnail","6":"product_brand-melasan","7":"product_cat-m","8":"pa_packungsgroesse-10ml","10":"first","11":"instock","12":"shipping-taxable","13":"purchasable","14":"product-type-simple"},"acf":[],"_links":{"self":[{"href":"https:\/\/www.hirtenberg-apotheke.at\/katalog\/wp-json\/wp\/v2\/product\/12457","targetHints":{"allow":["GET"]}}],"collection":[{"href":"https:\/\/www.hirtenberg-apotheke.at\/katalog\/wp-json\/wp\/v2\/product"}],"about":[{"href":"https:\/\/www.hirtenberg-apotheke.at\/katalog\/wp-json\/wp\/v2\/types\/product"}],"wp:featuredmedia":[{"embeddable":true,"href":"https:\/\/www.hirtenberg-apotheke.at\/katalog\/wp-json\/wp\/v2\/media\/12459"}],"wp:attachment":[{"href":"https:\/\/www.hirtenberg-apotheke.at\/katalog\/wp-json\/wp\/v2\/media?parent=12457"}],"wp:term":[{"taxonomy":"product_brand","embeddable":true,"href":"https:\/\/www.hirtenberg-apotheke.at\/katalog\/wp-json\/wp\/v2\/product_brand?post=12457"},{"taxonomy":"product_cat","embeddable":true,"href":"https:\/\/www.hirtenberg-apotheke.at\/katalog\/wp-json\/wp\/v2\/product_cat?post=12457"},{"taxonomy":"product_tag","embeddable":true,"href":"https:\/\/www.hirtenberg-apotheke.at\/katalog\/wp-json\/wp\/v2\/product_tag?post=12457"}],"curies":[{"name":"wp","href":"https:\/\/api.w.org\/{rel}","templated":true}]}}