{"id":12460,"date":"2025-11-25T14:39:34","date_gmt":"2025-11-25T13:39:34","guid":{"rendered":"https:\/\/www.hirtenberg-apotheke.at\/katalog\/produkt\/apoforce-baerenmix-fuer-kids-10-btl\/"},"modified":"2025-11-25T14:39:40","modified_gmt":"2025-11-25T13:39:40","slug":"apoforce-baerenmix-fuer-kids-10-btl","status":"publish","type":"product","link":"https:\/\/www.hirtenberg-apotheke.at\/katalog\/produkt\/apoforce-baerenmix-fuer-kids-10-btl\/","title":{"rendered":"Apoforce B\u00e4renmix f\u00fcr Kids 10 Btl."},"content":{"rendered":"<p>Apoforce B\u00e4renmix f\u00fcr Kids schmeckt hei\u00df und kalt! Mit Himbeersaftpulver sowie Hibiskus- und Hagebuttenextrakt &#8211; nicht nur f\u00fcr Kinder! Beinhaltet Calcium und 10 Vitamine.<\/p>\n","protected":false},"excerpt":{"rendered":"<p>Apoforce B\u00e4renmix f\u00fcr Kids schmeckt hei\u00df und kalt! Mit Himbeersaftpulver sowie Hibiskus- und Hagebuttenextrakt &#8211; nicht nur f\u00fcr Kinder! Beinhaltet Calcium und 10 Vitamine.<\/p>\n","protected":false},"featured_media":0,"template":"","meta":{"_acf_changed":false},"product_brand":[],"product_cat":[299],"product_tag":[],"class_list":{"0":"post-12460","1":"product","2":"type-product","3":"status-publish","5":"product_cat-a","6":"pa_packungsgroesse-10-beutel","8":"first","9":"instock","10":"shipping-taxable","11":"purchasable","12":"product-type-simple"},"acf":[],"_links":{"self":[{"href":"https:\/\/www.hirtenberg-apotheke.at\/katalog\/wp-json\/wp\/v2\/product\/12460","targetHints":{"allow":["GET"]}}],"collection":[{"href":"https:\/\/www.hirtenberg-apotheke.at\/katalog\/wp-json\/wp\/v2\/product"}],"about":[{"href":"https:\/\/www.hirtenberg-apotheke.at\/katalog\/wp-json\/wp\/v2\/types\/product"}],"wp:attachment":[{"href":"https:\/\/www.hirtenberg-apotheke.at\/katalog\/wp-json\/wp\/v2\/media?parent=12460"}],"wp:term":[{"taxonomy":"product_brand","embeddable":true,"href":"https:\/\/www.hirtenberg-apotheke.at\/katalog\/wp-json\/wp\/v2\/product_brand?post=12460"},{"taxonomy":"product_cat","embeddable":true,"href":"https:\/\/www.hirtenberg-apotheke.at\/katalog\/wp-json\/wp\/v2\/product_cat?post=12460"},{"taxonomy":"product_tag","embeddable":true,"href":"https:\/\/www.hirtenberg-apotheke.at\/katalog\/wp-json\/wp\/v2\/product_tag?post=12460"}],"curies":[{"name":"wp","href":"https:\/\/api.w.org\/{rel}","templated":true}]}}